{"id":28759,"date":"2025-08-30T13:36:57","date_gmt":"2025-08-30T12:36:57","guid":{"rendered":"https:\/\/daretocloud.com\/?page_id=28759"},"modified":"2025-11-29T13:00:45","modified_gmt":"2025-11-29T12:00:45","slug":"agence-web-liege","status":"publish","type":"page","link":"https:\/\/daretocloud.com\/fr\/agence-web-liege\/","title":{"rendered":"Agence web Li\u00e8ge | R\u00e9f\u00e9rencement WordPress et maintenance de sites web \u2013 DareToCloud"},"content":{"rendered":"<p>Belgique \u2022 Province de Li\u00e8ge<\/p>\n\n\n\n<h1 class=\"wp-block-heading\">Agence Web \u00e0 Li\u00e8ge \u2013 WordPress, SEO Contenu &amp; Maintenance Site<\/h1>\n\n\n\n<p>\u00c0 la recherche d&#039;un <strong>agence web \u00e0 Li\u00e8ge<\/strong> qui allie performance technique, contenu bien class\u00e9 et forte visibilit\u00e9 locale\u00a0? DareToCloud con\u00e7oit des sites WordPress rapides et g\u00e8re <strong>maintenance de sites web \u00e0 Li\u00e8ge<\/strong>, conduit <strong>r\u00e9f\u00e9rencement local \u00e0 Li\u00e8ge<\/strong>, cr\u00e9e <strong>Articles SEO<\/strong> et construit de la qualit\u00e9 <strong>backlinks belges<\/strong> Pour renforcer votre cr\u00e9dibilit\u00e9. Nous sommes \u00e9galement votre prestataire web, agence wordpress de r\u00e9f\u00e9rence \u00e0 Li\u00e8ge, et r\u00e9dacteur web.<\/p>\n\n\n\n<p><a href=\"https:\/\/daretocloud.com\/fr\/services-de-referencement-de-sites-web\/\">Obtenez mon audit SEO gratuit<\/a><\/p>\n\n\n\n<p><a href=\"https:\/\/daretocloud.com\/fr\/maintenance-wordpress\/\">Voir les plans de maintenance<\/a><\/p>\n\n\n\n<h2 class=\"wp-block-heading\">Nos services aux entreprises li\u00e9geoises<\/h2>\n\n\n\n<p>Des solutions compl\u00e8tes con\u00e7ues pour g\u00e9n\u00e9rer des leads dans la r\u00e9gion li\u00e9geoise.<\/p>\n\n\n\n<h3 class=\"wp-block-heading\">Conception et refonte de WordPress<\/h3>\n\n\n\n<p>Sites web modernes et rapides ax\u00e9s sur la conversion. Structure claire, exp\u00e9rience utilisateur locale, pages professionnelles et int\u00e9gration de blogs.<\/p>\n\n\n\n<h3 class=\"wp-block-heading\">R\u00e9f\u00e9rencement local \u00e0 Li\u00e8ge<\/h3>\n\n\n\n<p>Optimisations sur la page, profil Google Business, gestion des avis, pages de services locaux et coh\u00e9rence NAP.<\/p>\n\n\n\n<h3 class=\"wp-block-heading\">R\u00e9daction de contenu SEO<\/h3>\n\n\n\n<p>Calendrier \u00e9ditorial, recherche de mots cl\u00e9s pour Li\u00e8ge\/BE, briefs SEO et articles optimis\u00e9s qui attirent un trafic qualifi\u00e9.<\/p>\n\n\n\n<h3 class=\"wp-block-heading\">Strat\u00e9gie de backlinks belge<\/h3>\n\n\n\n<p>R\u00e9seautage local avec des annuaires belges, des partenaires m\u00e9dias et des sites Web pertinents pour construire une forte autorit\u00e9.<\/p>\n\n\n\n<h3 class=\"wp-block-heading\">Maintenance de site web \u00e0 Li\u00e8ge<\/h3>\n\n\n\n<p>Mises \u00e0 jour, sauvegardes, s\u00e9curit\u00e9, surveillance et petites am\u00e9liorations incluses. Votre site reste rapide, s\u00e9curis\u00e9 et en ligne 24h\/24 et 7j\/7.<\/p>\n\n\n\n<h2 class=\"wp-block-heading\">Pourquoi choisir DareToCloud \u00e0 Li\u00e8ge ?<\/h2>\n\n\n\n<ul class=\"wp-block-list\">\n<li>Une expertise \u00e9prouv\u00e9e en WordPress et SEO avec un support clair et humain.<\/li>\n\n\n\n<li>Approche locale d&#039;abord : tout pour <strong>rang \u00e0 Li\u00e8ge<\/strong> (contenu, backlinks, citations locales).<\/li>\n\n\n\n<li>Maintenance proactive pour un site s\u00e9curis\u00e9 et toujours disponible.<\/li>\n\n\n\n<li>Surveillance continue : rapports simples, priorit\u00e9s exploitables, retour sur investissement clair.<\/li>\n<\/ul>\n\n\n\n<h2 class=\"wp-block-heading\">Pr\u00eat \u00e0 d\u00e9velopper votre entreprise \u00e0 Li\u00e8ge ?<\/h2>\n\n\n\n<p>Discutons de vos objectifs. Nous vous proposerons un plan d&#039;action clair et prioris\u00e9.<\/p>\n\n\n\n<p><a href=\"https:\/\/daretocloud.com\/fr\/services-de-referencement-de-sites-web\/\">D\u00e9marrer mon audit SEO<\/a><\/p>\n\n\n\n<p><a href=\"https:\/\/daretocloud.com\/fr\/maintenance-wordpress\/\">S\u00e9curiser mon site<\/a><\/p>\n\n\n\n<div class=\"wp-block-coblocks-faq\" itemscope itemtype=\"https:\/\/schema.org\/FAQPage\">\n<h3 class=\"wp-block-heading wp-block-coblocks-faq__title\">FAQ \u2013 SEO &amp; Maintenance de sites web \u00e0 Li\u00e8ge<\/h3>\n\n\n\n<details class=\"wp-block-coblocks-faq-item\" itemprop=\"mainEntity\" itemscope itemtype=\"https:\/\/schema.org\/Question\"><summary class=\"wp-block-coblocks-faq-item__question\" itemprop=\"name\"><div class=\"wp-block-coblocks-faq-item__question__content\"><strong>Comment fonctionne le r\u00e9f\u00e9rencement local \u00e0 Li\u00e8ge ?<\/strong><\/div><svg fill=\"none\" viewbox=\"0 0 24 24\" xmlns=\"http:\/\/www.w3.org\/2000\/svg\" width=\"24\" height=\"24\" class=\"wp-block-coblocks-faq-item__question__icon\" aria-hidden=\"true\"><path fill=\"currentColor\" fill-rule=\"evenodd\" clip-rule=\"evenodd\" d=\"M19.39 14.99l-1.41 1.41L12 10.43 6.02 16.4l-1.41-1.41L12 7.6l7.39 7.39z\"><\/path><\/svg><\/summary><div class=\"wp-block-coblocks-faq-item__answer\" itemprop=\"acceptedAnswer\" itemscope itemtype=\"https:\/\/schema.org\/Answer\"><div itemprop=\"text\">\n<p>Nous optimisons vos pages et vos signaux locaux (profil Google Business, avis, coh\u00e9rence NAP) et cr\u00e9ons du contenu ciblant les recherches \u00ab \u00e0 proximit\u00e9 \u00bb. <em>backlinks belges<\/em> et les citations locales renforcent l\u2019autorit\u00e9.<\/p>\n<\/div><\/div><\/details>\n\n\n\n<details class=\"wp-block-coblocks-faq-item\" itemprop=\"mainEntity\" itemscope itemtype=\"https:\/\/schema.org\/Question\"><summary class=\"wp-block-coblocks-faq-item__question\" itemprop=\"name\"><div class=\"wp-block-coblocks-faq-item__question__content\"><strong>Proposez-vous la r\u00e9daction d&#039;articles SEO ?<\/strong><\/div><svg fill=\"none\" viewbox=\"0 0 24 24\" xmlns=\"http:\/\/www.w3.org\/2000\/svg\" width=\"24\" height=\"24\" class=\"wp-block-coblocks-faq-item__question__icon\" aria-hidden=\"true\"><path fill=\"currentColor\" fill-rule=\"evenodd\" clip-rule=\"evenodd\" d=\"M19.39 14.99l-1.41 1.41L12 10.43 6.02 16.4l-1.41-1.41L12 7.6l7.39 7.39z\"><\/path><\/svg><\/summary><div class=\"wp-block-coblocks-faq-item__answer\" itemprop=\"acceptedAnswer\" itemscope itemtype=\"https:\/\/schema.org\/Answer\"><div itemprop=\"text\">\n<p>Oui, nous g\u00e9rons la recherche de mots cl\u00e9s pour Li\u00e8ge\/Belgique, pr\u00e9parons des briefs \u00e9ditoriaux et r\u00e9digeons des articles optimis\u00e9s pour attirer un trafic local qualifi\u00e9.<\/p>\n<\/div><\/div><\/details>\n\n\n\n<details class=\"wp-block-coblocks-faq-item\" itemprop=\"mainEntity\" itemscope itemtype=\"https:\/\/schema.org\/Question\"><summary class=\"wp-block-coblocks-faq-item__question\" itemprop=\"name\"><div class=\"wp-block-coblocks-faq-item__question__content\"><strong>Que comprend la maintenance de site web \u00e0 Li\u00e8ge ?<\/strong><\/div><svg fill=\"none\" viewbox=\"0 0 24 24\" xmlns=\"http:\/\/www.w3.org\/2000\/svg\" width=\"24\" height=\"24\" class=\"wp-block-coblocks-faq-item__question__icon\" aria-hidden=\"true\"><path fill=\"currentColor\" fill-rule=\"evenodd\" clip-rule=\"evenodd\" d=\"M19.39 14.99l-1.41 1.41L12 10.43 6.02 16.4l-1.41-1.41L12 7.6l7.39 7.39z\"><\/path><\/svg><\/summary><div class=\"wp-block-coblocks-faq-item__answer\" itemprop=\"acceptedAnswer\" itemscope itemtype=\"https:\/\/schema.org\/Answer\"><div itemprop=\"text\">\n<p>Mises \u00e0 jour du c\u0153ur, des th\u00e8mes et des plugins de WordPress, sauvegardes, surveillance de la s\u00e9curit\u00e9, am\u00e9liorations des performances et correctifs rapides en cas de besoin.<\/p>\n<\/div><\/div><\/details>\n\n\n\n<details class=\"wp-block-coblocks-faq-item\" itemprop=\"mainEntity\" itemscope itemtype=\"https:\/\/schema.org\/Question\"><summary class=\"wp-block-coblocks-faq-item__question\" itemprop=\"name\"><div class=\"wp-block-coblocks-faq-item__question__content\"><strong>Combien de temps faut-il au r\u00e9f\u00e9rencement pour afficher des r\u00e9sultats ?<\/strong><\/div><svg fill=\"none\" viewbox=\"0 0 24 24\" xmlns=\"http:\/\/www.w3.org\/2000\/svg\" width=\"24\" height=\"24\" class=\"wp-block-coblocks-faq-item__question__icon\" aria-hidden=\"true\"><path fill=\"currentColor\" fill-rule=\"evenodd\" clip-rule=\"evenodd\" d=\"M19.39 14.99l-1.41 1.41L12 10.43 6.02 16.4l-1.41-1.41L12 7.6l7.39 7.39z\"><\/path><\/svg><\/summary><div class=\"wp-block-coblocks-faq-item__answer\" itemprop=\"acceptedAnswer\" itemscope itemtype=\"https:\/\/schema.org\/Answer\"><div itemprop=\"text\">\n<p>G\u00e9n\u00e9ralement 2 \u00e0 4 mois pour les premiers signaux (impressions, clics) et 4 \u00e0 6 mois et plus pour des classements stables, en fonction de la concurrence et de l&#039;\u00e9tendue du travail.<\/p>\n<\/div><\/div><\/details>\n<\/div>\n\n\n\n<h2 class=\"wp-block-heading\"><\/h2>\n\n\n\n<p><\/p>","protected":false},"excerpt":{"rendered":"<p>Belgium \u2022 Province of Li\u00e8ge Web Agency in Li\u00e8ge \u2013 WordPress, SEO Content &amp; Site Maintenance Looking for a web agency in Li\u00e8ge that combines technical performance, content that ranks and strong local visibility? DareToCloud designs fast WordPress sites, handles website maintenance in Li\u00e8ge, drives local SEO in Li\u00e8ge, creates SEO articles and builds quality [&hellip;]<\/p>\n","protected":false},"author":1,"featured_media":28760,"parent":0,"menu_order":0,"comment_status":"closed","ping_status":"closed","template":"","meta":{"_coblocks_attr":"","_coblocks_dimensions":"","_coblocks_responsive_height":"","_coblocks_accordion_ie_support":"","content-type":"","footnotes":""},"class_list":["post-28759","page","type-page","status-publish","has-post-thumbnail","hentry"],"yoast_head":"<!-- This site is optimized with the Yoast SEO plugin v27.3 - https:\/\/yoast.com\/product\/yoast-seo-wordpress\/ -->\n<title>Web Agency Li\u00e8ge | WordPress SEO &amp; Maintenance-<\/title>\n<meta name=\"description\" content=\"Looking for a web agency in Li\u00e8ge? DareToCloud builds WordPress websites, SEO content, Belgian backlinks &amp; local SEO. Get a free audit today!\" \/>\n<meta name=\"robots\" content=\"index, follow, max-snippet:-1, max-image-preview:large, max-video-preview:-1\" \/>\n<link rel=\"canonical\" href=\"https:\/\/daretocloud.com\/fr\/agence-web-liege\/\" \/>\n<meta property=\"og:locale\" content=\"fr_FR\" \/>\n<meta property=\"og:type\" content=\"article\" \/>\n<meta property=\"og:title\" content=\"Web Agency Li\u00e8ge | WordPress SEO &amp; Maintenance-\" \/>\n<meta property=\"og:description\" content=\"Looking for a web agency in Li\u00e8ge? DareToCloud builds WordPress websites, SEO content, Belgian backlinks &amp; local SEO. Get a free audit today!\" \/>\n<meta property=\"og:url\" content=\"https:\/\/daretocloud.com\/fr\/agence-web-liege\/\" \/>\n<meta property=\"og:site_name\" content=\"DareToCloud\" \/>\n<meta property=\"article:publisher\" content=\"https:\/\/www.facebook.com\/daretocloud\" \/>\n<meta property=\"article:modified_time\" content=\"2025-11-29T12:00:45+00:00\" \/>\n<meta property=\"og:image\" content=\"https:\/\/daretocloud.com\/wp-content\/uploads\/2025\/08\/IMG_2459-scaled-e1756557839147.jpeg\" \/>\n\t<meta property=\"og:image:width\" content=\"1920\" \/>\n\t<meta property=\"og:image:height\" content=\"1870\" \/>\n\t<meta property=\"og:image:type\" content=\"image\/jpeg\" \/>\n<meta name=\"twitter:card\" content=\"summary_large_image\" \/>\n<meta name=\"twitter:label1\" content=\"Dur\u00e9e de lecture estim\u00e9e\" \/>\n\t<meta name=\"twitter:data1\" content=\"2 minutes\" \/>\n<script type=\"application\/ld+json\" class=\"yoast-schema-graph\">{\"@context\":\"https:\\\/\\\/schema.org\",\"@graph\":[{\"@type\":\"WebPage\",\"@id\":\"https:\\\/\\\/daretocloud.com\\\/web-agency-liege\\\/\",\"url\":\"https:\\\/\\\/daretocloud.com\\\/web-agency-liege\\\/\",\"name\":\"Web Agency Li\u00e8ge | WordPress SEO & Maintenance-\",\"isPartOf\":{\"@id\":\"https:\\\/\\\/daretocloud.com\\\/#website\"},\"primaryImageOfPage\":{\"@id\":\"https:\\\/\\\/daretocloud.com\\\/web-agency-liege\\\/#primaryimage\"},\"image\":{\"@id\":\"https:\\\/\\\/daretocloud.com\\\/web-agency-liege\\\/#primaryimage\"},\"thumbnailUrl\":\"https:\\\/\\\/daretocloud.com\\\/wp-content\\\/uploads\\\/2025\\\/08\\\/IMG_2459-scaled-e1756557839147.jpeg\",\"datePublished\":\"2025-08-30T12:36:57+00:00\",\"dateModified\":\"2025-11-29T12:00:45+00:00\",\"description\":\"Looking for a web agency in Li\u00e8ge? DareToCloud builds WordPress websites, SEO content, Belgian backlinks & local SEO. Get a free audit today!\",\"breadcrumb\":{\"@id\":\"https:\\\/\\\/daretocloud.com\\\/web-agency-liege\\\/#breadcrumb\"},\"inLanguage\":\"fr-FR\",\"potentialAction\":[{\"@type\":\"ReadAction\",\"target\":[\"https:\\\/\\\/daretocloud.com\\\/web-agency-liege\\\/\"]}]},{\"@type\":\"ImageObject\",\"inLanguage\":\"fr-FR\",\"@id\":\"https:\\\/\\\/daretocloud.com\\\/web-agency-liege\\\/#primaryimage\",\"url\":\"https:\\\/\\\/daretocloud.com\\\/wp-content\\\/uploads\\\/2025\\\/08\\\/IMG_2459-scaled-e1756557839147.jpeg\",\"contentUrl\":\"https:\\\/\\\/daretocloud.com\\\/wp-content\\\/uploads\\\/2025\\\/08\\\/IMG_2459-scaled-e1756557839147.jpeg\",\"width\":1920,\"height\":1870,\"caption\":\"Website maintenance Li\u00e8ge\"},{\"@type\":\"BreadcrumbList\",\"@id\":\"https:\\\/\\\/daretocloud.com\\\/web-agency-liege\\\/#breadcrumb\",\"itemListElement\":[{\"@type\":\"ListItem\",\"position\":1,\"name\":\"Home\",\"item\":\"https:\\\/\\\/daretocloud.com\\\/\"},{\"@type\":\"ListItem\",\"position\":2,\"name\":\"Web Agency Li\u00e8ge | WordPress SEO &amp; Website Maintenance \u2013 DareToCloud\"}]},{\"@type\":\"WebSite\",\"@id\":\"https:\\\/\\\/daretocloud.com\\\/#website\",\"url\":\"https:\\\/\\\/daretocloud.com\\\/\",\"name\":\"DareToCloud\",\"description\":\"Website maintenance and SEO subscriptions\",\"publisher\":{\"@id\":\"https:\\\/\\\/daretocloud.com\\\/#organization\"},\"potentialAction\":[{\"@type\":\"SearchAction\",\"target\":{\"@type\":\"EntryPoint\",\"urlTemplate\":\"https:\\\/\\\/daretocloud.com\\\/?s={search_term_string}\"},\"query-input\":{\"@type\":\"PropertyValueSpecification\",\"valueRequired\":true,\"valueName\":\"search_term_string\"}}],\"inLanguage\":\"fr-FR\"},{\"@type\":\"Organization\",\"@id\":\"https:\\\/\\\/daretocloud.com\\\/#organization\",\"name\":\"DareToCloud\",\"url\":\"https:\\\/\\\/daretocloud.com\\\/\",\"logo\":{\"@type\":\"ImageObject\",\"inLanguage\":\"fr-FR\",\"@id\":\"https:\\\/\\\/daretocloud.com\\\/#\\\/schema\\\/logo\\\/image\\\/\",\"url\":\"https:\\\/\\\/daretocloud.com\\\/wp-content\\\/uploads\\\/2023\\\/04\\\/Logo-avril-2023.png\",\"contentUrl\":\"https:\\\/\\\/daretocloud.com\\\/wp-content\\\/uploads\\\/2023\\\/04\\\/Logo-avril-2023.png\",\"width\":960,\"height\":333,\"caption\":\"DareToCloud\"},\"image\":{\"@id\":\"https:\\\/\\\/daretocloud.com\\\/#\\\/schema\\\/logo\\\/image\\\/\"},\"sameAs\":[\"https:\\\/\\\/www.facebook.com\\\/daretocloud\",\"https:\\\/\\\/www.instagram.com\\\/dare_to_cloud\\\/\"]}]}<\/script>\n<!-- \/ Yoast SEO plugin. -->","yoast_head_json":{"title":"Agence Web Li\u00e8ge | SEO &amp; Maintenance WordPress-","description":"Vous cherchez une agence web \u00e0 Li\u00e8ge\u00a0? DareToCloud cr\u00e9e des sites web WordPress, du contenu SEO, des backlinks belges et du r\u00e9f\u00e9rencement local. Obtenez un audit gratuit d\u00e8s aujourd&#039;hui\u00a0!","robots":{"index":"index","follow":"follow","max-snippet":"max-snippet:-1","max-image-preview":"max-image-preview:large","max-video-preview":"max-video-preview:-1"},"canonical":"https:\/\/daretocloud.com\/fr\/agence-web-liege\/","og_locale":"fr_FR","og_type":"article","og_title":"Web Agency Li\u00e8ge | WordPress SEO & Maintenance-","og_description":"Looking for a web agency in Li\u00e8ge? DareToCloud builds WordPress websites, SEO content, Belgian backlinks & local SEO. Get a free audit today!","og_url":"https:\/\/daretocloud.com\/fr\/agence-web-liege\/","og_site_name":"DareToCloud","article_publisher":"https:\/\/www.facebook.com\/daretocloud","article_modified_time":"2025-11-29T12:00:45+00:00","og_image":[{"width":1920,"height":1870,"url":"https:\/\/daretocloud.com\/wp-content\/uploads\/2025\/08\/IMG_2459-scaled-e1756557839147.jpeg","type":"image\/jpeg"}],"twitter_card":"summary_large_image","twitter_misc":{"Dur\u00e9e de lecture estim\u00e9e":"2 minutes"},"schema":{"@context":"https:\/\/schema.org","@graph":[{"@type":"WebPage","@id":"https:\/\/daretocloud.com\/web-agency-liege\/","url":"https:\/\/daretocloud.com\/web-agency-liege\/","name":"Agence Web Li\u00e8ge | SEO &amp; Maintenance WordPress-","isPartOf":{"@id":"https:\/\/daretocloud.com\/#website"},"primaryImageOfPage":{"@id":"https:\/\/daretocloud.com\/web-agency-liege\/#primaryimage"},"image":{"@id":"https:\/\/daretocloud.com\/web-agency-liege\/#primaryimage"},"thumbnailUrl":"https:\/\/daretocloud.com\/wp-content\/uploads\/2025\/08\/IMG_2459-scaled-e1756557839147.jpeg","datePublished":"2025-08-30T12:36:57+00:00","dateModified":"2025-11-29T12:00:45+00:00","description":"Vous cherchez une agence web \u00e0 Li\u00e8ge\u00a0? DareToCloud cr\u00e9e des sites web WordPress, du contenu SEO, des backlinks belges et du r\u00e9f\u00e9rencement local. Obtenez un audit gratuit d\u00e8s aujourd&#039;hui\u00a0!","breadcrumb":{"@id":"https:\/\/daretocloud.com\/web-agency-liege\/#breadcrumb"},"inLanguage":"fr-FR","potentialAction":[{"@type":"ReadAction","target":["https:\/\/daretocloud.com\/web-agency-liege\/"]}]},{"@type":"ImageObject","inLanguage":"fr-FR","@id":"https:\/\/daretocloud.com\/web-agency-liege\/#primaryimage","url":"https:\/\/daretocloud.com\/wp-content\/uploads\/2025\/08\/IMG_2459-scaled-e1756557839147.jpeg","contentUrl":"https:\/\/daretocloud.com\/wp-content\/uploads\/2025\/08\/IMG_2459-scaled-e1756557839147.jpeg","width":1920,"height":1870,"caption":"Website maintenance Li\u00e8ge"},{"@type":"BreadcrumbList","@id":"https:\/\/daretocloud.com\/web-agency-liege\/#breadcrumb","itemListElement":[{"@type":"ListItem","position":1,"name":"Home","item":"https:\/\/daretocloud.com\/"},{"@type":"ListItem","position":2,"name":"Web Agency Li\u00e8ge | WordPress SEO &amp; Website Maintenance \u2013 DareToCloud"}]},{"@type":"WebSite","@id":"https:\/\/daretocloud.com\/#website","url":"https:\/\/daretocloud.com\/","name":"DareToCloud","description":"Abonnements de maintenance de site web et de r\u00e9f\u00e9rencement (SEO)","publisher":{"@id":"https:\/\/daretocloud.com\/#organization"},"potentialAction":[{"@type":"SearchAction","target":{"@type":"EntryPoint","urlTemplate":"https:\/\/daretocloud.com\/?s={search_term_string}"},"query-input":{"@type":"PropertyValueSpecification","valueRequired":true,"valueName":"search_term_string"}}],"inLanguage":"fr-FR"},{"@type":"Organization","@id":"https:\/\/daretocloud.com\/#organization","name":"DareToCloud","url":"https:\/\/daretocloud.com\/","logo":{"@type":"ImageObject","inLanguage":"fr-FR","@id":"https:\/\/daretocloud.com\/#\/schema\/logo\/image\/","url":"https:\/\/daretocloud.com\/wp-content\/uploads\/2023\/04\/Logo-avril-2023.png","contentUrl":"https:\/\/daretocloud.com\/wp-content\/uploads\/2023\/04\/Logo-avril-2023.png","width":960,"height":333,"caption":"DareToCloud"},"image":{"@id":"https:\/\/daretocloud.com\/#\/schema\/logo\/image\/"},"sameAs":["https:\/\/www.facebook.com\/daretocloud","https:\/\/www.instagram.com\/dare_to_cloud\/"]}]}},"_hostinger_reach_plugin_has_subscription_block":false,"_hostinger_reach_plugin_is_elementor":false,"_links":{"self":[{"href":"https:\/\/daretocloud.com\/fr\/wp-json\/wp\/v2\/pages\/28759","targetHints":{"allow":["GET"]}}],"collection":[{"href":"https:\/\/daretocloud.com\/fr\/wp-json\/wp\/v2\/pages"}],"about":[{"href":"https:\/\/daretocloud.com\/fr\/wp-json\/wp\/v2\/types\/page"}],"author":[{"embeddable":true,"href":"https:\/\/daretocloud.com\/fr\/wp-json\/wp\/v2\/users\/1"}],"replies":[{"embeddable":true,"href":"https:\/\/daretocloud.com\/fr\/wp-json\/wp\/v2\/comments?post=28759"}],"version-history":[{"count":3,"href":"https:\/\/daretocloud.com\/fr\/wp-json\/wp\/v2\/pages\/28759\/revisions"}],"predecessor-version":[{"id":28956,"href":"https:\/\/daretocloud.com\/fr\/wp-json\/wp\/v2\/pages\/28759\/revisions\/28956"}],"wp:featuredmedia":[{"embeddable":true,"href":"https:\/\/daretocloud.com\/fr\/wp-json\/wp\/v2\/media\/28760"}],"wp:attachment":[{"href":"https:\/\/daretocloud.com\/fr\/wp-json\/wp\/v2\/media?parent=28759"}],"curies":[{"name":"wp","href":"https:\/\/api.w.org\/{rel}","templated":true}]}}