{"id":28764,"date":"2025-08-30T13:49:33","date_gmt":"2025-08-30T12:49:33","guid":{"rendered":"https:\/\/daretocloud.com\/?page_id=28764"},"modified":"2025-08-30T13:49:38","modified_gmt":"2025-08-30T12:49:38","slug":"agence-web-namur","status":"publish","type":"page","link":"https:\/\/daretocloud.com\/fr\/agence-web-namur\/","title":{"rendered":"Agence web Namur | R\u00e9f\u00e9rencement et maintenance WordPress \u2013 DareToCloud"},"content":{"rendered":"<p>Belgique \u2022 Province de Namur<\/p>\n\n\n\n<h1 class=\"wp-block-heading\">Agence web \u00e0 Namur \u2013 WordPress, articles SEO et maintenance de sites web<\/h1>\n\n\n\n<p>\u00c0 la recherche d&#039;un <strong>agence web \u00e0 Namur<\/strong> Pour renforcer votre pr\u00e9sence num\u00e9rique\u00a0? DareToCloud accompagne les entreprises namuroises <strong>Sites WordPress<\/strong>, <strong>R\u00e9daction d&#039;articles SEO<\/strong>, <strong>Strat\u00e9gies de backlinks belges<\/strong>, <strong>maintenance de sites web \u00e0 Namur<\/strong> et efficace <strong>r\u00e9f\u00e9rencement local<\/strong> pour attirer plus de clients dans la r\u00e9gion.<\/p>\n\n\n\n<p><a href=\"https:\/\/daretocloud.com\/fr\/services-de-referencement-de-sites-web\/\">Obtenez mon audit SEO gratuit<\/a><\/p>\n\n\n\n<p><a href=\"https:\/\/daretocloud.com\/fr\/maintenance-wordpress\/\">Voir les plans de maintenance<\/a><\/p>\n\n\n\n<h2 class=\"wp-block-heading\">Nos services pour les entreprises namuroises<\/h2>\n\n\n\n<p>Des solutions sur mesure con\u00e7ues pour augmenter votre visibilit\u00e9 et vos leads dans la r\u00e9gion de Namur.<\/p>\n\n\n\n<h3 class=\"wp-block-heading\">Conception et refonte de WordPress<\/h3>\n\n\n\n<p>Sites web professionnels et modernes, con\u00e7us pour la conversion. UX optimis\u00e9e, architecture \u00e9pur\u00e9e et optimis\u00e9e pour les appareils mobiles.<\/p>\n\n\n\n<figure class=\"wp-block-image size-full\"><img fetchpriority=\"high\" decoding=\"async\" width=\"640\" height=\"427\" src=\"https:\/\/daretocloud.com\/wp-content\/uploads\/2025\/08\/jonas-vandermeiren-UPeC0MdXbVs-unsplash.jpg\" alt=\"Jonas Vandermeiren UPeCMdXbVs unsplash\" class=\"wp-image-28766\" srcset=\"https:\/\/daretocloud.com\/wp-content\/uploads\/2025\/08\/jonas-vandermeiren-UPeC0MdXbVs-unsplash.jpg 640w, https:\/\/daretocloud.com\/wp-content\/uploads\/2025\/08\/jonas-vandermeiren-UPeC0MdXbVs-unsplash-300x200.jpg 300w, https:\/\/daretocloud.com\/wp-content\/uploads\/2025\/08\/jonas-vandermeiren-UPeC0MdXbVs-unsplash-18x12.jpg 18w\" sizes=\"(max-width: 640px) 100vw, 640px\" \/><figcaption class=\"wp-element-caption\">Jonas Vandermeiren UPeCMdXbVs unsplash<\/figcaption><\/figure>\n\n\n\n<h3 class=\"wp-block-heading\">R\u00e9f\u00e9rencement local \u00e0 Namur<\/h3>\n\n\n\n<p>Optimisation sur la page, profil Google Business, pages de contenu local, gestion des avis et coh\u00e9rence NAP.<\/p>\n\n\n\n<h3 class=\"wp-block-heading\">R\u00e9daction de contenu SEO<\/h3>\n\n\n\n<p>Articles de haute qualit\u00e9 con\u00e7us pour un r\u00e9f\u00e9rencement Google pour les mots-cl\u00e9s de Namur. Recherche de mots-cl\u00e9s, briefs SEO et contenu optimis\u00e9 pour g\u00e9n\u00e9rer du trafic.<\/p>\n\n\n\n<h3 class=\"wp-block-heading\">Cr\u00e9ation de backlinks belges<\/h3>\n\n\n\n<p>Strat\u00e9gie de cr\u00e9ation de liens ax\u00e9e sur les sites Web, les m\u00e9dias et les annuaires belges pour renforcer l&#039;autorit\u00e9 et la confiance locale.<\/p>\n\n\n\n<h3 class=\"wp-block-heading\">Maintenance de site web \u00e0 Namur<\/h3>\n\n\n\n<p>Mises \u00e0 jour WordPress, sauvegardes, correctifs de s\u00e9curit\u00e9, optimisation des performances et surveillance continue.<\/p>\n\n\n\n<h2 class=\"wp-block-heading\">Pourquoi choisir DareToCloud \u00e0 Namur ?<\/h2>\n\n\n\n<ul class=\"wp-block-list\">\n<li>Exp\u00e9rience av\u00e9r\u00e9e avec WordPress, SEO et maintenance de sites Web pour les PME belges.<\/li>\n\n\n\n<li>Approche locale d&#039;abord <strong>rang \u00e0 Namur<\/strong> (contenu, backlinks, citations).<\/li>\n\n\n\n<li>Accompagnement complet de la cr\u00e9ation de contenu \u00e0 l&#039;optimisation technique.<\/li>\n\n\n\n<li>Des rapports clairs et des r\u00e9sultats mesurables pour votre croissance en ligne.<\/li>\n<\/ul>\n\n\n\n<p><\/p>\n\n\n\n<div class=\"wp-block-coblocks-faq\" itemscope itemtype=\"https:\/\/schema.org\/FAQPage\">\n<h3 class=\"wp-block-heading wp-block-coblocks-faq__title\">FAQ \u2013 SEO et maintenance de sites web \u00e0 Namur<\/h3>\n\n\n\n<details class=\"wp-block-coblocks-faq-item\" itemprop=\"mainEntity\" itemscope itemtype=\"https:\/\/schema.org\/Question\"><summary class=\"wp-block-coblocks-faq-item__question\" itemprop=\"name\"><div class=\"wp-block-coblocks-faq-item__question__content\"><strong>Comment fonctionne le r\u00e9f\u00e9rencement local \u00e0 Namur ?<\/strong><\/div><svg fill=\"none\" viewbox=\"0 0 24 24\" xmlns=\"http:\/\/www.w3.org\/2000\/svg\" width=\"24\" height=\"24\" class=\"wp-block-coblocks-faq-item__question__icon\" aria-hidden=\"true\"><path fill=\"currentColor\" fill-rule=\"evenodd\" clip-rule=\"evenodd\" d=\"M19.39 14.99l-1.41 1.41L12 10.43 6.02 16.4l-1.41-1.41L12 7.6l7.39 7.39z\"><\/path><\/svg><\/summary><div class=\"wp-block-coblocks-faq-item__answer\" itemprop=\"acceptedAnswer\" itemscope itemtype=\"https:\/\/schema.org\/Answer\"><div itemprop=\"text\">\n<p>Nous optimisons votre site pour les recherches li\u00e9es \u00e0 Namur, le profil Google Business, les avis et les citations locales. Des backlinks belges et du contenu adapt\u00e9 aux requ\u00eates namuroises renforcent votre autorit\u00e9.<\/p>\n<\/div><\/div><\/details>\n\n\n\n<details class=\"wp-block-coblocks-faq-item\" itemprop=\"mainEntity\" itemscope itemtype=\"https:\/\/schema.org\/Question\"><summary class=\"wp-block-coblocks-faq-item__question\" itemprop=\"name\"><div class=\"wp-block-coblocks-faq-item__question__content\"><strong>Proposez-vous la r\u00e9daction d&#039;articles SEO ?<\/strong><\/div><svg fill=\"none\" viewbox=\"0 0 24 24\" xmlns=\"http:\/\/www.w3.org\/2000\/svg\" width=\"24\" height=\"24\" class=\"wp-block-coblocks-faq-item__question__icon\" aria-hidden=\"true\"><path fill=\"currentColor\" fill-rule=\"evenodd\" clip-rule=\"evenodd\" d=\"M19.39 14.99l-1.41 1.41L12 10.43 6.02 16.4l-1.41-1.41L12 7.6l7.39 7.39z\"><\/path><\/svg><\/summary><div class=\"wp-block-coblocks-faq-item__answer\" itemprop=\"acceptedAnswer\" itemscope itemtype=\"https:\/\/schema.org\/Answer\"><div itemprop=\"text\">\n<p>Oui, nous effectuons des recherches de mots cl\u00e9s pour Namur, cr\u00e9ons des briefs et r\u00e9digeons des articles qui am\u00e9liorent la visibilit\u00e9 et g\u00e9n\u00e8rent du trafic cibl\u00e9.<\/p>\n<\/div><\/div><\/details>\n\n\n\n<details class=\"wp-block-coblocks-faq-item\" itemprop=\"mainEntity\" itemscope itemtype=\"https:\/\/schema.org\/Question\"><summary class=\"wp-block-coblocks-faq-item__question\" itemprop=\"name\"><div class=\"wp-block-coblocks-faq-item__question__content\"><strong>Que comprend la maintenance de site web \u00e0 Namur ?<\/strong><\/div><svg fill=\"none\" viewbox=\"0 0 24 24\" xmlns=\"http:\/\/www.w3.org\/2000\/svg\" width=\"24\" height=\"24\" class=\"wp-block-coblocks-faq-item__question__icon\" aria-hidden=\"true\"><path fill=\"currentColor\" fill-rule=\"evenodd\" clip-rule=\"evenodd\" d=\"M19.39 14.99l-1.41 1.41L12 10.43 6.02 16.4l-1.41-1.41L12 7.6l7.39 7.39z\"><\/path><\/svg><\/summary><div class=\"wp-block-coblocks-faq-item__answer\" itemprop=\"acceptedAnswer\" itemscope itemtype=\"https:\/\/schema.org\/Answer\"><div itemprop=\"text\">\n<p>Mises \u00e0 jour du noyau WordPress, des th\u00e8mes et des plugins, sauvegardes quotidiennes, surveillance de la s\u00e9curit\u00e9, corrections de bugs et optimisation de la vitesse.<\/p>\n<\/div><\/div><\/details>\n\n\n\n<details class=\"wp-block-coblocks-faq-item\" itemprop=\"mainEntity\" itemscope itemtype=\"https:\/\/schema.org\/Question\"><summary class=\"wp-block-coblocks-faq-item__question\" itemprop=\"name\"><div class=\"wp-block-coblocks-faq-item__question__content\"><strong>Combien de temps prend le r\u00e9f\u00e9rencement \u00e0 Namur ?<\/strong><\/div><svg fill=\"none\" viewbox=\"0 0 24 24\" xmlns=\"http:\/\/www.w3.org\/2000\/svg\" width=\"24\" height=\"24\" class=\"wp-block-coblocks-faq-item__question__icon\" aria-hidden=\"true\"><path fill=\"currentColor\" fill-rule=\"evenodd\" clip-rule=\"evenodd\" d=\"M19.39 14.99l-1.41 1.41L12 10.43 6.02 16.4l-1.41-1.41L12 7.6l7.39 7.39z\"><\/path><\/svg><\/summary><div class=\"wp-block-coblocks-faq-item__answer\" itemprop=\"acceptedAnswer\" itemscope itemtype=\"https:\/\/schema.org\/Answer\"><div itemprop=\"text\">\n<p>Les premiers signaux apparaissent g\u00e9n\u00e9ralement dans un d\u00e9lai de 2 \u00e0 4 mois, avec des classements plus stables dans un d\u00e9lai de 4 \u00e0 6 mois ou plus, en fonction de la concurrence et des mesures prises.<\/p>\n<\/div><\/div><\/details>\n<\/div>\n\n\n\n<h2 class=\"wp-block-heading\"><\/h2>\n\n\n\n<h2 class=\"wp-block-heading\">Pr\u00eat \u00e0 d\u00e9velopper votre entreprise \u00e0 Namur ?<\/h2>\n\n\n\n<p>Parlons de vos objectifs. Nous vous proposerons un plan SEO et de contenu clair et concret.<\/p>\n\n\n\n<p><a href=\"https:\/\/daretocloud.com\/fr\/services-de-referencement-de-sites-web\/\">D\u00e9marrer mon audit SEO<\/a><\/p>\n\n\n\n<p><a href=\"https:\/\/daretocloud.com\/fr\/maintenance-wordpress\/\">S\u00e9curiser mon site<\/a><\/p>","protected":false},"excerpt":{"rendered":"<p>Belgium \u2022 Province of Namur Web Agency in Namur \u2013 WordPress, SEO Articles &amp; Website Maintenance Looking for a web agency in Namur to strengthen your digital presence? DareToCloud helps Namur businesses with WordPress websites, SEO article writing, Belgian backlink strategies, website maintenance in Namur and effective local SEO to attract more customers in the [&hellip;]<\/p>\n","protected":false},"author":1,"featured_media":28765,"parent":0,"menu_order":0,"comment_status":"closed","ping_status":"closed","template":"","meta":{"_coblocks_attr":"","_coblocks_dimensions":"","_coblocks_responsive_height":"","_coblocks_accordion_ie_support":"","content-type":"","footnotes":""},"class_list":["post-28764","page","type-page","status-publish","has-post-thumbnail","hentry"],"yoast_head":"<!-- This site is optimized with the Yoast SEO plugin v27.5 - https:\/\/yoast.com\/product\/yoast-seo-wordpress\/ -->\n<title>Web Agency Namur | WordPress SEO &amp; Maintenance \u2013 DareToCloud<\/title>\n<meta name=\"description\" content=\"Need a web agency in Namur? DareToCloud builds WordPress websites, SEO articles, Belgian backlinks &amp; local SEO. Ask for a free audit today!\" \/>\n<meta name=\"robots\" content=\"index, follow, max-snippet:-1, max-image-preview:large, max-video-preview:-1\" \/>\n<link rel=\"canonical\" href=\"https:\/\/daretocloud.com\/fr\/agence-web-namur\/\" \/>\n<meta property=\"og:locale\" content=\"fr_FR\" \/>\n<meta property=\"og:type\" content=\"article\" \/>\n<meta property=\"og:title\" content=\"Web Agency Namur | WordPress SEO &amp; Maintenance \u2013 DareToCloud\" \/>\n<meta property=\"og:description\" content=\"Need a web agency in Namur? DareToCloud builds WordPress websites, SEO articles, Belgian backlinks &amp; local SEO. Ask for a free audit today!\" \/>\n<meta property=\"og:url\" content=\"https:\/\/daretocloud.com\/fr\/agence-web-namur\/\" \/>\n<meta property=\"og:site_name\" content=\"DareToCloud\" \/>\n<meta property=\"article:publisher\" content=\"https:\/\/www.facebook.com\/daretocloud\" \/>\n<meta property=\"article:modified_time\" content=\"2025-08-30T12:49:38+00:00\" \/>\n<meta property=\"og:image\" content=\"https:\/\/daretocloud.com\/wp-content\/uploads\/2025\/08\/alex-vasey-f5Y3y1d_lic-unsplash.jpg\" \/>\n\t<meta property=\"og:image:width\" content=\"640\" \/>\n\t<meta property=\"og:image:height\" content=\"480\" \/>\n\t<meta property=\"og:image:type\" content=\"image\/jpeg\" \/>\n<meta name=\"twitter:card\" content=\"summary_large_image\" \/>\n<meta name=\"twitter:label1\" content=\"Dur\u00e9e de lecture estim\u00e9e\" \/>\n\t<meta name=\"twitter:data1\" content=\"2 minutes\" \/>\n<script type=\"application\/ld+json\" class=\"yoast-schema-graph\">{\"@context\":\"https:\\\/\\\/schema.org\",\"@graph\":[{\"@type\":\"WebPage\",\"@id\":\"https:\\\/\\\/daretocloud.com\\\/web-agency-namur\\\/\",\"url\":\"https:\\\/\\\/daretocloud.com\\\/web-agency-namur\\\/\",\"name\":\"Web Agency Namur | WordPress SEO & Maintenance \u2013 DareToCloud\",\"isPartOf\":{\"@id\":\"https:\\\/\\\/daretocloud.com\\\/#website\"},\"primaryImageOfPage\":{\"@id\":\"https:\\\/\\\/daretocloud.com\\\/web-agency-namur\\\/#primaryimage\"},\"image\":{\"@id\":\"https:\\\/\\\/daretocloud.com\\\/web-agency-namur\\\/#primaryimage\"},\"thumbnailUrl\":\"https:\\\/\\\/daretocloud.com\\\/wp-content\\\/uploads\\\/2025\\\/08\\\/alex-vasey-f5Y3y1d_lic-unsplash.jpg\",\"datePublished\":\"2025-08-30T12:49:33+00:00\",\"dateModified\":\"2025-08-30T12:49:38+00:00\",\"description\":\"Need a web agency in Namur? DareToCloud builds WordPress websites, SEO articles, Belgian backlinks & local SEO. Ask for a free audit today!\",\"breadcrumb\":{\"@id\":\"https:\\\/\\\/daretocloud.com\\\/web-agency-namur\\\/#breadcrumb\"},\"inLanguage\":\"fr-FR\",\"potentialAction\":[{\"@type\":\"ReadAction\",\"target\":[\"https:\\\/\\\/daretocloud.com\\\/web-agency-namur\\\/\"]}]},{\"@type\":\"ImageObject\",\"inLanguage\":\"fr-FR\",\"@id\":\"https:\\\/\\\/daretocloud.com\\\/web-agency-namur\\\/#primaryimage\",\"url\":\"https:\\\/\\\/daretocloud.com\\\/wp-content\\\/uploads\\\/2025\\\/08\\\/alex-vasey-f5Y3y1d_lic-unsplash.jpg\",\"contentUrl\":\"https:\\\/\\\/daretocloud.com\\\/wp-content\\\/uploads\\\/2025\\\/08\\\/alex-vasey-f5Y3y1d_lic-unsplash.jpg\",\"width\":640,\"height\":480,\"caption\":\"Web management Namur\"},{\"@type\":\"BreadcrumbList\",\"@id\":\"https:\\\/\\\/daretocloud.com\\\/web-agency-namur\\\/#breadcrumb\",\"itemListElement\":[{\"@type\":\"ListItem\",\"position\":1,\"name\":\"Home\",\"item\":\"https:\\\/\\\/daretocloud.com\\\/\"},{\"@type\":\"ListItem\",\"position\":2,\"name\":\"Web Agency Namur | WordPress SEO &amp; Maintenance \u2013 DareToCloud\"}]},{\"@type\":\"WebSite\",\"@id\":\"https:\\\/\\\/daretocloud.com\\\/#website\",\"url\":\"https:\\\/\\\/daretocloud.com\\\/\",\"name\":\"DareToCloud\",\"description\":\"Website maintenance and SEO subscriptions\",\"publisher\":{\"@id\":\"https:\\\/\\\/daretocloud.com\\\/#organization\"},\"potentialAction\":[{\"@type\":\"SearchAction\",\"target\":{\"@type\":\"EntryPoint\",\"urlTemplate\":\"https:\\\/\\\/daretocloud.com\\\/?s={search_term_string}\"},\"query-input\":{\"@type\":\"PropertyValueSpecification\",\"valueRequired\":true,\"valueName\":\"search_term_string\"}}],\"inLanguage\":\"fr-FR\"},{\"@type\":\"Organization\",\"@id\":\"https:\\\/\\\/daretocloud.com\\\/#organization\",\"name\":\"DareToCloud\",\"url\":\"https:\\\/\\\/daretocloud.com\\\/\",\"logo\":{\"@type\":\"ImageObject\",\"inLanguage\":\"fr-FR\",\"@id\":\"https:\\\/\\\/daretocloud.com\\\/#\\\/schema\\\/logo\\\/image\\\/\",\"url\":\"https:\\\/\\\/daretocloud.com\\\/wp-content\\\/uploads\\\/2023\\\/04\\\/Logo-avril-2023.png\",\"contentUrl\":\"https:\\\/\\\/daretocloud.com\\\/wp-content\\\/uploads\\\/2023\\\/04\\\/Logo-avril-2023.png\",\"width\":960,\"height\":333,\"caption\":\"DareToCloud\"},\"image\":{\"@id\":\"https:\\\/\\\/daretocloud.com\\\/#\\\/schema\\\/logo\\\/image\\\/\"},\"sameAs\":[\"https:\\\/\\\/www.facebook.com\\\/daretocloud\",\"https:\\\/\\\/www.instagram.com\\\/dare_to_cloud\\\/\"]}]}<\/script>\n<!-- \/ Yoast SEO plugin. -->","yoast_head_json":{"title":"Agence web Namur | R\u00e9f\u00e9rencement et maintenance WordPress \u2013 DareToCloud","description":"Besoin d&#039;une agence web \u00e0 Namur\u00a0? DareToCloud cr\u00e9e des sites WordPress, des articles SEO, des backlinks belges et du r\u00e9f\u00e9rencement local. Demandez un audit gratuit d\u00e8s aujourd&#039;hui\u00a0!","robots":{"index":"index","follow":"follow","max-snippet":"max-snippet:-1","max-image-preview":"max-image-preview:large","max-video-preview":"max-video-preview:-1"},"canonical":"https:\/\/daretocloud.com\/fr\/agence-web-namur\/","og_locale":"fr_FR","og_type":"article","og_title":"Web Agency Namur | WordPress SEO & Maintenance \u2013 DareToCloud","og_description":"Need a web agency in Namur? DareToCloud builds WordPress websites, SEO articles, Belgian backlinks & local SEO. Ask for a free audit today!","og_url":"https:\/\/daretocloud.com\/fr\/agence-web-namur\/","og_site_name":"DareToCloud","article_publisher":"https:\/\/www.facebook.com\/daretocloud","article_modified_time":"2025-08-30T12:49:38+00:00","og_image":[{"width":640,"height":480,"url":"https:\/\/daretocloud.com\/wp-content\/uploads\/2025\/08\/alex-vasey-f5Y3y1d_lic-unsplash.jpg","type":"image\/jpeg"}],"twitter_card":"summary_large_image","twitter_misc":{"Dur\u00e9e de lecture estim\u00e9e":"2 minutes"},"schema":{"@context":"https:\/\/schema.org","@graph":[{"@type":"WebPage","@id":"https:\/\/daretocloud.com\/web-agency-namur\/","url":"https:\/\/daretocloud.com\/web-agency-namur\/","name":"Agence web Namur | R\u00e9f\u00e9rencement et maintenance WordPress \u2013 DareToCloud","isPartOf":{"@id":"https:\/\/daretocloud.com\/#website"},"primaryImageOfPage":{"@id":"https:\/\/daretocloud.com\/web-agency-namur\/#primaryimage"},"image":{"@id":"https:\/\/daretocloud.com\/web-agency-namur\/#primaryimage"},"thumbnailUrl":"https:\/\/daretocloud.com\/wp-content\/uploads\/2025\/08\/alex-vasey-f5Y3y1d_lic-unsplash.jpg","datePublished":"2025-08-30T12:49:33+00:00","dateModified":"2025-08-30T12:49:38+00:00","description":"Besoin d&#039;une agence web \u00e0 Namur\u00a0? DareToCloud cr\u00e9e des sites WordPress, des articles SEO, des backlinks belges et du r\u00e9f\u00e9rencement local. Demandez un audit gratuit d\u00e8s aujourd&#039;hui\u00a0!","breadcrumb":{"@id":"https:\/\/daretocloud.com\/web-agency-namur\/#breadcrumb"},"inLanguage":"fr-FR","potentialAction":[{"@type":"ReadAction","target":["https:\/\/daretocloud.com\/web-agency-namur\/"]}]},{"@type":"ImageObject","inLanguage":"fr-FR","@id":"https:\/\/daretocloud.com\/web-agency-namur\/#primaryimage","url":"https:\/\/daretocloud.com\/wp-content\/uploads\/2025\/08\/alex-vasey-f5Y3y1d_lic-unsplash.jpg","contentUrl":"https:\/\/daretocloud.com\/wp-content\/uploads\/2025\/08\/alex-vasey-f5Y3y1d_lic-unsplash.jpg","width":640,"height":480,"caption":"Web management Namur"},{"@type":"BreadcrumbList","@id":"https:\/\/daretocloud.com\/web-agency-namur\/#breadcrumb","itemListElement":[{"@type":"ListItem","position":1,"name":"Home","item":"https:\/\/daretocloud.com\/"},{"@type":"ListItem","position":2,"name":"Web Agency Namur | WordPress SEO &amp; Maintenance \u2013 DareToCloud"}]},{"@type":"WebSite","@id":"https:\/\/daretocloud.com\/#website","url":"https:\/\/daretocloud.com\/","name":"DareToCloud","description":"Abonnements de maintenance de site web et de r\u00e9f\u00e9rencement (SEO)","publisher":{"@id":"https:\/\/daretocloud.com\/#organization"},"potentialAction":[{"@type":"SearchAction","target":{"@type":"EntryPoint","urlTemplate":"https:\/\/daretocloud.com\/?s={search_term_string}"},"query-input":{"@type":"PropertyValueSpecification","valueRequired":true,"valueName":"search_term_string"}}],"inLanguage":"fr-FR"},{"@type":"Organization","@id":"https:\/\/daretocloud.com\/#organization","name":"DareToCloud","url":"https:\/\/daretocloud.com\/","logo":{"@type":"ImageObject","inLanguage":"fr-FR","@id":"https:\/\/daretocloud.com\/#\/schema\/logo\/image\/","url":"https:\/\/daretocloud.com\/wp-content\/uploads\/2023\/04\/Logo-avril-2023.png","contentUrl":"https:\/\/daretocloud.com\/wp-content\/uploads\/2023\/04\/Logo-avril-2023.png","width":960,"height":333,"caption":"DareToCloud"},"image":{"@id":"https:\/\/daretocloud.com\/#\/schema\/logo\/image\/"},"sameAs":["https:\/\/www.facebook.com\/daretocloud","https:\/\/www.instagram.com\/dare_to_cloud\/"]}]}},"_hostinger_reach_plugin_has_subscription_block":false,"_hostinger_reach_plugin_is_elementor":false,"_links":{"self":[{"href":"https:\/\/daretocloud.com\/fr\/wp-json\/wp\/v2\/pages\/28764","targetHints":{"allow":["GET"]}}],"collection":[{"href":"https:\/\/daretocloud.com\/fr\/wp-json\/wp\/v2\/pages"}],"about":[{"href":"https:\/\/daretocloud.com\/fr\/wp-json\/wp\/v2\/types\/page"}],"author":[{"embeddable":true,"href":"https:\/\/daretocloud.com\/fr\/wp-json\/wp\/v2\/users\/1"}],"replies":[{"embeddable":true,"href":"https:\/\/daretocloud.com\/fr\/wp-json\/wp\/v2\/comments?post=28764"}],"version-history":[{"count":1,"href":"https:\/\/daretocloud.com\/fr\/wp-json\/wp\/v2\/pages\/28764\/revisions"}],"predecessor-version":[{"id":28768,"href":"https:\/\/daretocloud.com\/fr\/wp-json\/wp\/v2\/pages\/28764\/revisions\/28768"}],"wp:featuredmedia":[{"embeddable":true,"href":"https:\/\/daretocloud.com\/fr\/wp-json\/wp\/v2\/media\/28765"}],"wp:attachment":[{"href":"https:\/\/daretocloud.com\/fr\/wp-json\/wp\/v2\/media?parent=28764"}],"curies":[{"name":"wp","href":"https:\/\/api.w.org\/{rel}","templated":true}]}}