{"id":3,"date":"2022-11-02T16:45:43","date_gmt":"2022-11-02T16:45:43","guid":{"rendered":"https:\/\/daretocloud.com\/?page_id=3"},"modified":"2024-09-17T15:03:46","modified_gmt":"2024-09-17T14:03:46","slug":"politique-de-confidentialite-des-cookies","status":"publish","type":"page","link":"https:\/\/daretocloud.com\/fr\/politique-de-confidentialite-des-cookies\/","title":{"rendered":"Politique de confidentialit\u00e9 et de cookies"},"content":{"rendered":"<h1 class=\"wp-block-heading\">politique de confidentialit\u00e9 <\/h1>\n\n\n\n<p>L&#039;adresse de notre site Web est : https:\/\/daretocloud.com.<\/p>\n\n\n\n<h2 class=\"wp-block-heading\">commentaires<\/h2>\n\n\n\n<p><strong class=\"privacy-policy-tutorial\">Texte sugg\u00e9r\u00e9\u00a0: <\/strong>Lorsque les visiteurs laissent des commentaires sur le site, nous collectons les donn\u00e9es affich\u00e9es dans le formulaire de commentaires, ainsi que l&#039;adresse IP du visiteur et la cha\u00eene de l&#039;agent utilisateur du navigateur pour aider \u00e0 la d\u00e9tection du spam.<\/p>\n\n\n\n<p>Une cha\u00eene anonymis\u00e9e cr\u00e9\u00e9e \u00e0 partir de votre adresse e-mail (\u00e9galement appel\u00e9e hachage) peut \u00eatre fournie au service Gravatar pour voir si vous l&#039;utilisez. La politique de confidentialit\u00e9 du service Gravatar est disponible ici : https:\/\/automattic.com\/privacy\/. Apr\u00e8s validation de votre commentaire, votre photo de profil est visible publiquement \u00e0 c\u00f4t\u00e9 de votre commentaire.<\/p>\n\n\n\n<h2 class=\"wp-block-heading\">M\u00e9dias<\/h2>\n\n\n\n<p>Si vous t\u00e9l\u00e9chargez des images sur le site Web, vous devez \u00e9viter de t\u00e9l\u00e9charger des images avec des donn\u00e9es de localisation int\u00e9gr\u00e9es (EXIF GPS) incluses. Les visiteurs du site Web peuvent t\u00e9l\u00e9charger et extraire toutes les donn\u00e9es de localisation des images sur le site Web.<\/p>\n\n\n\n<h2 class=\"wp-block-heading\">Biscuits<\/h2>\n\n\n\n<p>Si vous laissez un commentaire sur notre site, vous pouvez choisir d&#039;enregistrer votre nom, votre adresse e-mail et votre site Web dans des cookies. Ceux-ci sont pour votre commodit\u00e9 afin que vous n&#039;ayez pas \u00e0 remplir \u00e0 nouveau vos coordonn\u00e9es lorsque vous laissez un autre commentaire. Ces cookies dureront un an.<\/p>\n\n\n\n<p>Si vous visitez notre page de connexion, nous installerons un cookie temporaire pour d\u00e9terminer si votre navigateur accepte les cookies. Ce cookie ne contient aucune donn\u00e9e personnelle et est supprim\u00e9 lorsque vous fermez votre navigateur.<\/p>\n\n\n\n<p>Lorsque vous vous connectez, nous mettons en place un certain nombre de cookies pour enregistrer vos informations de connexion et vos pr\u00e9f\u00e9rences d\u2019affichage \u00e0 l\u2019\u00e9cran. La dur\u00e9e de vie d\u2019un cookie de connexion est de deux jours, celle d\u2019un cookie d\u2019option d\u2019affichage est d\u2019un an. Si vous cochez \u00ab Se souvenir de moi \u00bb, votre cookie de connexion sera conserv\u00e9 pendant deux semaines. Si vous vous d\u00e9connectez de votre compte, le cookie de connexion sera supprim\u00e9.<\/p>\n\n\n\n<p>Si vous modifiez ou publiez un article, un cookie suppl\u00e9mentaire sera enregistr\u00e9 dans votre navigateur. Ce cookie ne contient aucune donn\u00e9e personnelle et indique simplement l&#039;identifiant de publication de l&#039;article que vous venez d&#039;\u00e9diter. Il expire apr\u00e8s 1 jour.<\/p>\n\n\n\n<h2 class=\"wp-block-heading\">Contenu int\u00e9gr\u00e9 d&#039;autres sites Web<\/h2>\n\n\n\n<p>Les articles de ce site peuvent inclure des contenus int\u00e9gr\u00e9s (par exemple des vid\u00e9os, des images, des articles, etc.). Le contenu int\u00e9gr\u00e9 d&#039;autres sites Web se comporte exactement de la m\u00eame mani\u00e8re que si le visiteur avait visit\u00e9 l&#039;autre site Web.<\/p>\n\n\n\n<p>Ces sites Web peuvent collecter des donn\u00e9es vous concernant, utiliser des cookies, int\u00e9grer un suivi tiers suppl\u00e9mentaire et surveiller votre interaction avec ce contenu int\u00e9gr\u00e9, y compris le suivi de votre interaction avec le contenu int\u00e9gr\u00e9 si vous avez un compte et \u00eates connect\u00e9 \u00e0 ce site Web.<\/p>\n\n\n\n<h2 class=\"wp-block-heading\">Avec qui partageons-nous vos donn\u00e9es<\/h2>\n\n\n\n<p><strong class=\"privacy-policy-tutorial\">Texte sugg\u00e9r\u00e9\u00a0: <\/strong>Si vous demandez une r\u00e9initialisation de mot de passe, votre adresse IP sera incluse dans l&#039;e-mail de r\u00e9initialisation.<\/p>\n\n\n\n<h2 class=\"wp-block-heading\">Combien de temps conservons-nous vos donn\u00e9es<\/h2>\n\n\n\n<p><strong class=\"privacy-policy-tutorial\">Texte sugg\u00e9r\u00e9\u00a0: <\/strong>Si vous laissez un commentaire, le commentaire et ses m\u00e9tadonn\u00e9es sont conserv\u00e9s ind\u00e9finiment. Cela nous permet de reconna\u00eetre et d&#039;approuver automatiquement tous les commentaires de suivi au lieu de les conserver dans une file d&#039;attente de mod\u00e9ration.<\/p>\n\n\n\n<p>Pour les utilisateurs qui s&#039;inscrivent sur notre site Web (le cas \u00e9ch\u00e9ant), nous stockons \u00e9galement les informations personnelles qu&#039;ils fournissent dans leur profil d&#039;utilisateur. Tous les utilisateurs peuvent voir, modifier ou supprimer leurs informations personnelles \u00e0 tout moment (sauf qu&#039;ils ne peuvent pas changer leur nom d&#039;utilisateur). Les administrateurs du site Web peuvent \u00e9galement voir et modifier ces informations.<\/p>\n\n\n\n<h2 class=\"wp-block-heading\">Quels droits avez-vous sur vos donn\u00e9es<\/h2>\n\n\n\n<p><strong class=\"privacy-policy-tutorial\">Texte sugg\u00e9r\u00e9\u00a0: <\/strong>Si vous avez un compte sur ce site, ou avez laiss\u00e9 des commentaires, vous pouvez demander \u00e0 recevoir un fichier export\u00e9 des donn\u00e9es personnelles que nous d\u00e9tenons \u00e0 votre sujet, y compris toutes les donn\u00e9es que vous nous avez fournies. Vous pouvez \u00e9galement nous demander d&#039;effacer toutes les donn\u00e9es personnelles que nous d\u00e9tenons \u00e0 votre sujet. Cela n&#039;inclut pas les donn\u00e9es que nous sommes oblig\u00e9s de conserver \u00e0 des fins administratives, juridiques ou de s\u00e9curit\u00e9.<\/p>\n\n\n\n<h2 class=\"wp-block-heading\">O\u00f9 vos donn\u00e9es sont envoy\u00e9es<\/h2>\n\n\n\n<p><strong class=\"privacy-policy-tutorial\">Texte sugg\u00e9r\u00e9\u00a0: <\/strong>Les commentaires des visiteurs peuvent \u00eatre v\u00e9rifi\u00e9s par un service automatis\u00e9 de d\u00e9tection de spam.<\/p>\n\n\n\n<hr class=\"wp-block-separator has-alpha-channel-opacity is-style-wide\"\/>\n\n\n\n<h1 class=\"wp-block-heading\">Politique de cookies de daretocloud.com<\/h1>\n\n\n\n<p>Cette politique en mati\u00e8re de cookies est con\u00e7ue pour vous informer de nos pratiques concernant la collecte d&#039;informations via les cookies et autres technologies de suivi (comme les gifs, les balises Web, etc.).<\/p>\n\n\n\n<p>Les fonctionnalit\u00e9s pour lesquelles nous utilisons ces technologies peuvent inclure, sans s&#039;y limiter, les \u00e9l\u00e9ments suivants\u00a0:<\/p>\n\n\n\n<p>Comprendre comment vous naviguez sur notre site Web<br>Personnaliser votre exp\u00e9rience sur notre site<br>Vous fournir du contenu ou des offres personnalis\u00e9s sur notre site ou dans nos publicit\u00e9s<br>Optimiser votre exp\u00e9rience utilisateur sur notre site<\/p>\n\n\n\n<p>Dans le contexte de cette politique, \u00ab nous \u00bb, \u00ab notre \u00bb et \u00ab notre \u00bb font r\u00e9f\u00e9rence \u00e0 daretocloud.com et \u00ab vous \u00bb fait r\u00e9f\u00e9rence \u00e0 vous, en tant qu&#039;utilisateur de ce site Web.<\/p>\n\n\n\n<p>En utilisant daretocloud.com, vous acceptez notre utilisation des cookies conform\u00e9ment \u00e0 cette politique en mati\u00e8re de cookies. Si vous n&#039;acceptez pas l&#039;utilisation de cookies, veuillez les d\u00e9sactiver comme indiqu\u00e9 dans la pr\u00e9sente politique en mati\u00e8re de cookies, afin qu&#039;ils ne soient pas t\u00e9l\u00e9charg\u00e9s sur votre appareil lorsque vous utilisez notre site Web.<\/p>\n\n\n\n<p>Nous nous r\u00e9servons le droit de modifier cette politique en mati\u00e8re de cookies \u00e0 tout moment. Toute modification entrera en vigueur imm\u00e9diatement apr\u00e8s sa publication sur le site Web, veuillez donc la consulter fr\u00e9quemment.<\/p>\n\n\n\n<h2 class=\"wp-block-heading\">Comment nous utilisons les cookies<\/h2>\n\n\n\n<p>Chez daretocloud.com, nous utilisons des cookies pour am\u00e9liorer votre exp\u00e9rience de navigation et fournir des services personnalis\u00e9s. Les cookies sont de petits fichiers texte qui sont stock\u00e9s sur votre appareil lorsque vous visitez notre site Internet. Ils nous aident \u00e0 m\u00e9moriser vos pr\u00e9f\u00e9rences, \u00e0 analyser le trafic du site Web et \u00e0 am\u00e9liorer les fonctionnalit\u00e9s de notre site Web. En utilisant notre site Web, vous consentez \u00e0 l&#039;utilisation de cookies conform\u00e9ment \u00e0 la pr\u00e9sente politique en mati\u00e8re de cookies.<\/p>\n\n\n\n<h2 class=\"wp-block-heading\">Types de cookies que nous utilisons<\/h2>\n\n\n\n<h3 class=\"wp-block-heading\">Cookies d&#039;analyse<\/h3>\n\n\n\n<p>Les cookies analytiques sont utilis\u00e9s pour recueillir des informations sur la mani\u00e8re dont les visiteurs utilisent notre site Web. Nous utilisons ces donn\u00e9es pour analyser le trafic du site Web, suivre le comportement des utilisateurs et comprendre comment les utilisateurs interagissent avec notre site Web. Les informations collect\u00e9es via les cookies analytiques sont anonymes et ne vous identifient pas personnellement. Cela nous aide \u00e0 am\u00e9liorer notre site Web et \u00e0 vous offrir une meilleure exp\u00e9rience utilisateur.<\/p>\n\n\n\n<h3 class=\"wp-block-heading\">Cookies tiers<\/h3>\n\n\n\n<p>En plus de nos propres cookies, nous utilisons \u00e9galement des cookies tiers fournis par des prestataires de services externes. Ces cookies sont mis en \u0153uvre par des domaines externes et sont soumis \u00e0 leurs politiques de confidentialit\u00e9 respectives. Nous n&#039;avons pas de contr\u00f4le direct sur les informations collect\u00e9es par ces cookies. Vous trouverez ci-dessous une liste des cookies tiers que nous utilisons et leurs finalit\u00e9s :<\/p>\n\n\n\n<p>Site Kit (Analytics) : Site Kit est un service fourni par Google. Il nous aide \u00e0 int\u00e9grer divers services Google pour l&#039;analyse et la mesure des sites Web. Les cookies du Kit Site collectent des informations anonymes sur votre interaction avec notre site Web, nous permettant d&#039;analyser les performances du site Web et d&#039;optimiser notre contenu.<\/p>\n\n\n\n<p>Google Tag Manager (Tag manager) : Google Tag Manager est un syst\u00e8me de gestion de balises qui nous permet de g\u00e9rer efficacement les balises de sites Web. Il nous permet de d\u00e9ployer et de mettre \u00e0 jour divers scripts et balises sur notre site Web, y compris des services tiers et des codes de suivi. Les cookies utilis\u00e9s par Google Tag Manager peuvent collecter des donn\u00e9es anonymes pour am\u00e9liorer le d\u00e9ploiement et la gestion des balises sur notre site Internet.<\/p>\n\n\n\n<p>Veuillez noter que l&#039;utilisation de cookies tiers est soumise aux politiques de confidentialit\u00e9 des tiers respectifs. Nous vous recommandons de consulter les politiques de confidentialit\u00e9 de ces tiers pour plus d&#039;informations sur leurs pratiques de collecte et de traitement des donn\u00e9es.<\/p>\n\n\n\n<p>Pour plus d&#039;informations sur la mani\u00e8re dont nous traitons vos donn\u00e9es personnelles et vos droits, veuillez consulter notre Politique de confidentialit\u00e9.<\/p>\n\n\n\n<p><strong>Comment g\u00e9rer et supprimer les cookies<\/strong><\/p>\n\n\n\n<p>La plupart des navigateurs Web vous permettent de g\u00e9rer vos pr\u00e9f\u00e9rences en mati\u00e8re de cookies. Vous pouvez param\u00e9trer votre navigateur pour refuser les cookies ou supprimer certains cookies. En r\u00e8gle g\u00e9n\u00e9rale, vous devriez \u00e9galement \u00eatre en mesure de g\u00e9rer des technologies similaires de la m\u00eame mani\u00e8re que vous g\u00e9rez les cookies \u2013 en utilisant les pr\u00e9f\u00e9rences de votre navigateur.<\/p>\n\n\n\n<p><strong>Voici comment proc\u00e9der dans diff\u00e9rents navigateurs\u00a0:<\/strong><\/p>\n\n\n\n<p><span style=\"text-decoration: underline;\">Google Chrome<\/span>: Acc\u00e9dez \u00e0 Param\u00e8tres &gt; Confidentialit\u00e9 et s\u00e9curit\u00e9 &gt; Param\u00e8tres du site &gt; Cookies et donn\u00e9es du site. Ici, vous pouvez effacer les cookies et les donn\u00e9es du site, ainsi que configurer le navigateur pour bloquer les cookies tiers.<\/p>\n\n\n\n<p><span style=\"text-decoration: underline;\">Mozilla Firefox<\/span>: Allez dans Options &gt; Confidentialit\u00e9 et s\u00e9curit\u00e9 &gt; Cookies et donn\u00e9es de site. Vous pouvez effacer les donn\u00e9es ici ou configurer le navigateur pour qu&#039;il supprime les cookies \u00e0 chaque fois que vous le quittez.<\/p>\n\n\n\n<p><span style=\"text-decoration: underline;\">Safari<\/span>: Allez dans Pr\u00e9f\u00e9rences &gt; Confidentialit\u00e9 &gt; Cookies et donn\u00e9es de sites Web. Vous pouvez ensuite bloquer tous les cookies ou supprimer des cookies sp\u00e9cifiques.<\/p>\n\n\n\n<p>Internet Explorer\u00a0: acc\u00e9dez \u00e0 Param\u00e8tres &gt; Options Internet &gt; G\u00e9n\u00e9ral &gt; Historique de navigation &gt; Param\u00e8tres &gt; Fichiers Internet temporaires et fichiers de site Web. Ici, vous pouvez supprimer des fichiers ou configurer le navigateur pour qu&#039;il supprime l&#039;historique du navigateur \u00e0 la sortie.<\/p>\n\n\n\n<p>Veuillez noter que si vous choisissez de bloquer les cookies, vous ne pourrez peut-\u00eatre pas vous connecter ou utiliser ces fonctionnalit\u00e9s, et les pr\u00e9f\u00e9rences qui d\u00e9pendent des cookies peuvent \u00eatre perdues. Si vous choisissez de supprimer les cookies, les param\u00e8tres et pr\u00e9f\u00e9rences contr\u00f4l\u00e9s par ces cookies seront supprim\u00e9s et devront peut-\u00eatre \u00eatre recr\u00e9\u00e9s.<\/p>\n\n\n\n<p>Cette politique de cookies a \u00e9t\u00e9 g\u00e9n\u00e9r\u00e9e avec l&#039;aide de biscuits.ai<\/p>","protected":false},"excerpt":{"rendered":"<p>Privacy Policy Our website address is: https:\/\/daretocloud.com. Comments Suggested text: When visitors leave comments on the site we collect the data shown in the comments form, and also the visitor\u2019s IP address and browser user agent string to help spam detection. An anonymized string created from your email address (also called a hash) may be [&hellip;]<\/p>\n","protected":false},"author":1,"featured_media":0,"parent":0,"menu_order":0,"comment_status":"closed","ping_status":"open","template":"","meta":{"_coblocks_attr":"","_coblocks_dimensions":"","_coblocks_responsive_height":"","_coblocks_accordion_ie_support":"","content-type":"","footnotes":""},"class_list":["post-3","page","type-page","status-publish","hentry"],"yoast_head":"<!-- This site is optimized with the Yoast SEO plugin v27.3 - https:\/\/yoast.com\/product\/yoast-seo-wordpress\/ -->\n<title>Privacy and Cookie Policy | Best Websites Builders<\/title>\n<meta name=\"description\" content=\"Explore our Privacy and Cookie Policy page at DareToCloud, your web agency in Brussels, and embark on a journey to transform your digital vision into reality.\" \/>\n<meta name=\"robots\" content=\"noindex, follow\" \/>\n<meta property=\"og:locale\" content=\"fr_FR\" \/>\n<meta property=\"og:type\" content=\"article\" \/>\n<meta property=\"og:title\" content=\"Privacy and Cookie Policy | Best Websites Builders\" \/>\n<meta property=\"og:description\" content=\"Explore our Privacy and Cookie Policy page at DareToCloud, your web agency in Brussels, and embark on a journey to transform your digital vision into reality.\" \/>\n<meta property=\"og:url\" content=\"https:\/\/daretocloud.com\/fr\/politique-de-confidentialite-des-cookies\/\" \/>\n<meta property=\"og:site_name\" content=\"DareToCloud\" \/>\n<meta property=\"article:publisher\" content=\"https:\/\/www.facebook.com\/daretocloud\" \/>\n<meta property=\"article:modified_time\" content=\"2024-09-17T14:03:46+00:00\" \/>\n<meta property=\"og:image\" content=\"https:\/\/daretocloud.com\/wp-content\/uploads\/2024\/05\/Open-Graph-Meta-DTC.png\" \/>\n\t<meta property=\"og:image:width\" content=\"1200\" \/>\n\t<meta property=\"og:image:height\" content=\"630\" \/>\n\t<meta property=\"og:image:type\" content=\"image\/png\" \/>\n<meta name=\"twitter:card\" content=\"summary_large_image\" \/>\n<meta name=\"twitter:label1\" content=\"Dur\u00e9e de lecture estim\u00e9e\" \/>\n\t<meta name=\"twitter:data1\" content=\"7 minutes\" \/>\n<script type=\"application\/ld+json\" class=\"yoast-schema-graph\">{\"@context\":\"https:\\\/\\\/schema.org\",\"@graph\":[{\"@type\":\"WebPage\",\"@id\":\"https:\\\/\\\/daretocloud.com\\\/privacy-cookie-policy\\\/\",\"url\":\"https:\\\/\\\/daretocloud.com\\\/privacy-cookie-policy\\\/\",\"name\":\"Privacy and Cookie Policy | Best Websites Builders\",\"isPartOf\":{\"@id\":\"https:\\\/\\\/daretocloud.com\\\/#website\"},\"datePublished\":\"2022-11-02T16:45:43+00:00\",\"dateModified\":\"2024-09-17T14:03:46+00:00\",\"description\":\"Explore our Privacy and Cookie Policy page at DareToCloud, your web agency in Brussels, and embark on a journey to transform your digital vision into reality.\",\"breadcrumb\":{\"@id\":\"https:\\\/\\\/daretocloud.com\\\/privacy-cookie-policy\\\/#breadcrumb\"},\"inLanguage\":\"fr-FR\",\"potentialAction\":[{\"@type\":\"ReadAction\",\"target\":[\"https:\\\/\\\/daretocloud.com\\\/privacy-cookie-policy\\\/\"]}]},{\"@type\":\"BreadcrumbList\",\"@id\":\"https:\\\/\\\/daretocloud.com\\\/privacy-cookie-policy\\\/#breadcrumb\",\"itemListElement\":[{\"@type\":\"ListItem\",\"position\":1,\"name\":\"Home\",\"item\":\"https:\\\/\\\/daretocloud.com\\\/\"},{\"@type\":\"ListItem\",\"position\":2,\"name\":\"Privacy and Cookie Policy\"}]},{\"@type\":\"WebSite\",\"@id\":\"https:\\\/\\\/daretocloud.com\\\/#website\",\"url\":\"https:\\\/\\\/daretocloud.com\\\/\",\"name\":\"DareToCloud\",\"description\":\"Website maintenance and SEO subscriptions\",\"publisher\":{\"@id\":\"https:\\\/\\\/daretocloud.com\\\/#organization\"},\"potentialAction\":[{\"@type\":\"SearchAction\",\"target\":{\"@type\":\"EntryPoint\",\"urlTemplate\":\"https:\\\/\\\/daretocloud.com\\\/?s={search_term_string}\"},\"query-input\":{\"@type\":\"PropertyValueSpecification\",\"valueRequired\":true,\"valueName\":\"search_term_string\"}}],\"inLanguage\":\"fr-FR\"},{\"@type\":\"Organization\",\"@id\":\"https:\\\/\\\/daretocloud.com\\\/#organization\",\"name\":\"DareToCloud\",\"url\":\"https:\\\/\\\/daretocloud.com\\\/\",\"logo\":{\"@type\":\"ImageObject\",\"inLanguage\":\"fr-FR\",\"@id\":\"https:\\\/\\\/daretocloud.com\\\/#\\\/schema\\\/logo\\\/image\\\/\",\"url\":\"https:\\\/\\\/daretocloud.com\\\/wp-content\\\/uploads\\\/2023\\\/04\\\/Logo-avril-2023.png\",\"contentUrl\":\"https:\\\/\\\/daretocloud.com\\\/wp-content\\\/uploads\\\/2023\\\/04\\\/Logo-avril-2023.png\",\"width\":960,\"height\":333,\"caption\":\"DareToCloud\"},\"image\":{\"@id\":\"https:\\\/\\\/daretocloud.com\\\/#\\\/schema\\\/logo\\\/image\\\/\"},\"sameAs\":[\"https:\\\/\\\/www.facebook.com\\\/daretocloud\",\"https:\\\/\\\/www.instagram.com\\\/dare_to_cloud\\\/\"]}]}<\/script>\n<!-- \/ Yoast SEO plugin. -->","yoast_head_json":{"title":"Politique de confidentialit\u00e9 et de cookies | Meilleurs cr\u00e9ateurs de sites Web","description":"Explorez notre page Politique de confidentialit\u00e9 et de cookies chez DareToCloud, votre agence web \u00e0 Bruxelles, et embarquez pour un voyage pour transformer votre vision num\u00e9rique en r\u00e9alit\u00e9.","robots":{"index":"noindex","follow":"follow"},"og_locale":"fr_FR","og_type":"article","og_title":"Privacy and Cookie Policy | Best Websites Builders","og_description":"Explore our Privacy and Cookie Policy page at DareToCloud, your web agency in Brussels, and embark on a journey to transform your digital vision into reality.","og_url":"https:\/\/daretocloud.com\/fr\/politique-de-confidentialite-des-cookies\/","og_site_name":"DareToCloud","article_publisher":"https:\/\/www.facebook.com\/daretocloud","article_modified_time":"2024-09-17T14:03:46+00:00","og_image":[{"width":1200,"height":630,"url":"https:\/\/daretocloud.com\/wp-content\/uploads\/2024\/05\/Open-Graph-Meta-DTC.png","type":"image\/png"}],"twitter_card":"summary_large_image","twitter_misc":{"Dur\u00e9e de lecture estim\u00e9e":"7 minutes"},"schema":{"@context":"https:\/\/schema.org","@graph":[{"@type":"WebPage","@id":"https:\/\/daretocloud.com\/privacy-cookie-policy\/","url":"https:\/\/daretocloud.com\/privacy-cookie-policy\/","name":"Politique de confidentialit\u00e9 et de cookies | Meilleurs cr\u00e9ateurs de sites Web","isPartOf":{"@id":"https:\/\/daretocloud.com\/#website"},"datePublished":"2022-11-02T16:45:43+00:00","dateModified":"2024-09-17T14:03:46+00:00","description":"Explorez notre page Politique de confidentialit\u00e9 et de cookies chez DareToCloud, votre agence web \u00e0 Bruxelles, et embarquez pour un voyage pour transformer votre vision num\u00e9rique en r\u00e9alit\u00e9.","breadcrumb":{"@id":"https:\/\/daretocloud.com\/privacy-cookie-policy\/#breadcrumb"},"inLanguage":"fr-FR","potentialAction":[{"@type":"ReadAction","target":["https:\/\/daretocloud.com\/privacy-cookie-policy\/"]}]},{"@type":"BreadcrumbList","@id":"https:\/\/daretocloud.com\/privacy-cookie-policy\/#breadcrumb","itemListElement":[{"@type":"ListItem","position":1,"name":"Home","item":"https:\/\/daretocloud.com\/"},{"@type":"ListItem","position":2,"name":"Privacy and Cookie Policy"}]},{"@type":"WebSite","@id":"https:\/\/daretocloud.com\/#website","url":"https:\/\/daretocloud.com\/","name":"DareToCloud","description":"Abonnements de maintenance de site web et de r\u00e9f\u00e9rencement (SEO)","publisher":{"@id":"https:\/\/daretocloud.com\/#organization"},"potentialAction":[{"@type":"SearchAction","target":{"@type":"EntryPoint","urlTemplate":"https:\/\/daretocloud.com\/?s={search_term_string}"},"query-input":{"@type":"PropertyValueSpecification","valueRequired":true,"valueName":"search_term_string"}}],"inLanguage":"fr-FR"},{"@type":"Organization","@id":"https:\/\/daretocloud.com\/#organization","name":"DareToCloud","url":"https:\/\/daretocloud.com\/","logo":{"@type":"ImageObject","inLanguage":"fr-FR","@id":"https:\/\/daretocloud.com\/#\/schema\/logo\/image\/","url":"https:\/\/daretocloud.com\/wp-content\/uploads\/2023\/04\/Logo-avril-2023.png","contentUrl":"https:\/\/daretocloud.com\/wp-content\/uploads\/2023\/04\/Logo-avril-2023.png","width":960,"height":333,"caption":"DareToCloud"},"image":{"@id":"https:\/\/daretocloud.com\/#\/schema\/logo\/image\/"},"sameAs":["https:\/\/www.facebook.com\/daretocloud","https:\/\/www.instagram.com\/dare_to_cloud\/"]}]}},"_hostinger_reach_plugin_has_subscription_block":false,"_hostinger_reach_plugin_is_elementor":false,"_links":{"self":[{"href":"https:\/\/daretocloud.com\/fr\/wp-json\/wp\/v2\/pages\/3","targetHints":{"allow":["GET"]}}],"collection":[{"href":"https:\/\/daretocloud.com\/fr\/wp-json\/wp\/v2\/pages"}],"about":[{"href":"https:\/\/daretocloud.com\/fr\/wp-json\/wp\/v2\/types\/page"}],"author":[{"embeddable":true,"href":"https:\/\/daretocloud.com\/fr\/wp-json\/wp\/v2\/users\/1"}],"replies":[{"embeddable":true,"href":"https:\/\/daretocloud.com\/fr\/wp-json\/wp\/v2\/comments?post=3"}],"version-history":[{"count":4,"href":"https:\/\/daretocloud.com\/fr\/wp-json\/wp\/v2\/pages\/3\/revisions"}],"predecessor-version":[{"id":3721,"href":"https:\/\/daretocloud.com\/fr\/wp-json\/wp\/v2\/pages\/3\/revisions\/3721"}],"wp:attachment":[{"href":"https:\/\/daretocloud.com\/fr\/wp-json\/wp\/v2\/media?parent=3"}],"curies":[{"name":"wp","href":"https:\/\/api.w.org\/{rel}","templated":true}]}}