{"id":4581,"date":"2026-02-15T18:02:22","date_gmt":"2026-02-15T17:02:22","guid":{"rendered":"https:\/\/daretocloud.com\/?page_id=4581"},"modified":"2026-02-15T18:17:06","modified_gmt":"2026-02-15T17:17:06","slug":"programme-daffiliation-daretocloud","status":"publish","type":"page","link":"https:\/\/daretocloud.com\/fr\/programme-daffiliation-daretocloud\/","title":{"rendered":"Programme d&#039;affiliation DareToCloud"},"content":{"rendered":"<div data-elementor-type=\"wp-page\" data-elementor-id=\"4581\" class=\"elementor elementor-4581\">\n\t\t\t\t<div class=\"elementor-element elementor-element-9d315fe e-con-full e-flex e-con e-parent\" data-id=\"9d315fe\" data-element_type=\"container\" data-e-type=\"container\" data-settings=\"{&quot;background_background&quot;:&quot;classic&quot;}\">\n\t\t<div class=\"elementor-element elementor-element-7220ae60 e-con-full e-flex e-con e-child\" data-id=\"7220ae60\" data-element_type=\"container\" data-e-type=\"container\">\n\t\t<div class=\"elementor-element elementor-element-3c7f9670 e-con-full e-flex e-con e-child\" data-id=\"3c7f9670\" data-element_type=\"container\" data-e-type=\"container\">\n\t\t<div class=\"elementor-element elementor-element-73733fca e-con-full hero-section e-flex e-con e-child\" data-id=\"73733fca\" data-element_type=\"container\" data-e-type=\"container\">\n\t\t\t\t<div class=\"elementor-element elementor-element-7f836df4 elementor-widget elementor-widget-elementskit-fancy-animated-text\" data-id=\"7f836df4\" data-element_type=\"widget\" data-e-type=\"widget\" data-settings=\"{&quot;ekit_we_effect_on&quot;:&quot;none&quot;}\" data-widget_type=\"elementskit-fancy-animated-text.default\">\n\t\t\t\t<div class=\"elementor-widget-container\">\n\t\t\t\t\t<div class=\"ekit-wid-con\" >            <h1 class=\"ekit-fancy-text push\" data-id=\"7f836df4\" data-animation-settings=\"{&quot;animationStyle&quot;:&quot;animated&quot;,&quot;animationDelay&quot;:2000,&quot;loadingBar&quot;:3800,&quot;lettersDelay&quot;:50,&quot;typeLettersDelay&quot;:150,&quot;duration&quot;:500,&quot;revealDuration&quot;:600,&quot;revealAnimationDelay&quot;:1500}\">\n                \t\t\t<span class=\"ekit-fancy-prefix-text\">\n\t\t\t\tConsultez notre \t\t\t<\/span>\n\t\t\t\t\t\t<span class=\"ekit-fancy-text-lists\">\n\t\t\t\t\t\t\t\t\t\t<b class=\"ekit-fancy-text elementor-repeater-item-1721a66 is-visible\">entretien<\/b>\n\t\t\t\t\t\t\t\t\t\t<b class=\"ekit-fancy-text elementor-repeater-item-7722b76\">SEO<\/b>\n\t\t\t\t\t\t\t\t\t\t<b class=\"ekit-fancy-text elementor-repeater-item-b9b00af\">h\u00e9bergement<\/b>\n\t\t\t\t\t\t\t\t\t<\/span>\n\t\t\t            <\/h1>\n        <\/div>\t\t\t\t<\/div>\n\t\t\t\t<\/div>\n\t\t\t\t<div class=\"elementor-element elementor-element-1524b7a9 elementor-widget elementor-widget-elementskit-heading\" data-id=\"1524b7a9\" data-element_type=\"widget\" data-e-type=\"widget\" data-settings=\"{&quot;ekit_we_effect_on&quot;:&quot;css&quot;}\" data-widget_type=\"elementskit-heading.default\">\n\t\t\t\t<div class=\"elementor-widget-container\">\n\t\t\t\t\t<div class=\"ekit-wid-con\" ><div class=\"ekit-heading elementskit-section-title-wraper text_left   ekit_heading_tablet-text_center   ekit_heading_mobile-text_left\"><h1 class=\"ekit-heading--title elementskit-section-title\">services et gagner une commission<\/h1>\t\t\t\t<div class='ekit-heading__description'>\n\t\t\t\t\t<p>G\u00e9n\u00e9rez du trafic vers DareToCloud et gagnez une commission de 10% sur chaque achat. Notre programme d&#039;affiliation est gratuit et vos gains sont illimit\u00e9s.<\/p>\n\t\t\t\t<\/div>\n\t\t\t<\/div><\/div>\t\t\t\t<\/div>\n\t\t\t\t<\/div>\n\t\t<div class=\"elementor-element elementor-element-7dc8f493 e-con-full elementor-hidden-mobile e-flex e-con e-child\" data-id=\"7dc8f493\" data-element_type=\"container\" data-e-type=\"container\">\n\t\t\t\t<div class=\"elementor-element elementor-element-268d026b keydesign-h6 elementor-hidden-mobile elementor-widget elementor-widget-elementskit-stylish-list\" data-id=\"268d026b\" data-element_type=\"widget\" data-e-type=\"widget\" data-settings=\"{&quot;ekit_we_effect_on&quot;:&quot;none&quot;}\" data-widget_type=\"elementskit-stylish-list.default\">\n\t\t\t\t<div class=\"elementor-widget-container\">\n\t\t\t\t\t<div class=\"ekit-wid-con\">\t\t<ul class=\"ekit-stylish-list list-inline\" >\n\t\t\t\t\t\t\t<li class=\"ekit-stylish-list-content-wrapper elementor-repeater-item-9176c3a\" >\n\t\t\t\t\t\t\t\t\t\t<div class=\"ekit-stylish-list-content\">\n\t\t\t\t\t\t\t\t\t\t\t\t\t\t\t\t\t\t\t<div class=\"ekit-stylish-list-content-icon\">\t\t\t\n\t\t\t\t\t\t\t\t<i aria-hidden=\"true\" class=\"icon icon-check\"><\/i>\t\t\t\n\t\t\t\t\t\t\t<\/div>\n\t\t\t\t\t\t\t\t\t\t\t\t\t\t\t\t\t\t<div class=\"ekit-stylish-list-content-text\">\n\t\t\t\t\t\t\t<span class=\"ekit-stylish-list-content-title\">Commission 10% sur tous les premiers achats<\/span>\n\t\t\t\t\t\t\t\t\t\t\t\t\t<\/div>\n\t\t\t\t\t\t\t\t\t\t\t<\/div>\n\t\t\t\t\t\n\t\t\t\t<\/li>\n\t\t\t\t\t\t\t\t\t\t\t<li class=\"ekit-stylish-list-content-wrapper elementor-repeater-item-aa8aca8\" >\n\t\t\t\t\t\t\t\t\t\t<div class=\"ekit-stylish-list-content\">\n\t\t\t\t\t\t\t\t\t\t\t\t\t\t\t\t\t\t\t<div class=\"ekit-stylish-list-content-icon\">\t\t\t\n\t\t\t\t\t\t\t\t<i aria-hidden=\"true\" class=\"icon icon-check\"><\/i>\t\t\t\n\t\t\t\t\t\t\t<\/div>\n\t\t\t\t\t\t\t\t\t\t\t\t\t\t\t\t\t\t<div class=\"ekit-stylish-list-content-text\">\n\t\t\t\t\t\t\t<span class=\"ekit-stylish-list-content-title\">Dur\u00e9e de vie des cookies : 60 jours<\/span>\n\t\t\t\t\t\t\t\t\t\t\t\t\t<\/div>\n\t\t\t\t\t\t\t\t\t\t\t<\/div>\n\t\t\t\t\t\n\t\t\t\t<\/li>\n\t\t\t\t\t\t\t\t\t<\/ul>\n\t<\/div>\t\t\t\t<\/div>\n\t\t\t\t<\/div>\n\t\t\t\t<\/div>\n\t\t\t\t<\/div>\n\t\t\t\t<\/div>\n\t\t\t\t<\/div>\n\t\t<div data-ekitparallax=\"{&quot;ekit_section_parallax_bg&quot;:&quot;yes&quot;,&quot;ekit_section_parallax_bg_speed&quot;:0.85,&quot;elementor_lazy_load&quot;:&quot;1&quot;}\" class=\"elementor-element elementor-element-1a513f9d e-con-full e-flex e-con e-child\" data-id=\"1a513f9d\" data-element_type=\"container\" data-e-type=\"container\" data-settings=\"{&quot;background_background&quot;:&quot;classic&quot;}\">\n\t\t\t\t<\/div>\n\t\t\t\t<\/div>\n\t\t<div class=\"elementor-element elementor-element-473c6de4 e-flex e-con-boxed e-con e-parent\" data-id=\"473c6de4\" data-element_type=\"container\" data-e-type=\"container\">\n\t\t\t\t\t<div class=\"e-con-inner\">\n\t\t\t\t<div class=\"elementor-element elementor-element-63ab5661 elementor-widget elementor-widget-text-editor\" data-id=\"63ab5661\" data-element_type=\"widget\" data-e-type=\"widget\" data-settings=\"{&quot;ekit_we_effect_on&quot;:&quot;none&quot;}\" data-widget_type=\"text-editor.default\">\n\t\t\t\t<div class=\"elementor-widget-container\">\n\t\t\t\t\t\t\t\t\t\n<p><strong>Consultez nos d\u00e9tails\u00a0:<\/strong><\/p>\n\n<ul class=\"wp-block-list\">\n<li>Commission 10% sur tous les premiers achats<\/li>\n\n<li>Dur\u00e9e de vie des cookies : 60 jours<\/li>\n\n<li>Attribution au premier clic sur toutes les ventes<\/li>\n\n<li>Paiements via PayPal<\/li>\n\n<li>Acc\u00e8s direct et transparence totale gr\u00e2ce \u00e0 votre propre tableau de bord d&#039;affiliation<\/li>\n\n<li>La commission n&#039;est vers\u00e9e que pour la premi\u00e8re vente de chaque client.<\/li>\n\n<li>Le paiement est effectu\u00e9 une fois la commande du client finalis\u00e9e \u2013 nous proc\u00e9dons ainsi car, dans certains cas, les clients peuvent mettre plusieurs semaines \u00e0 remplir le formulaire d&#039;inscription et \u00e0 d\u00e9marrer leur travail.<\/li>\n\n<li>Oui, nous pouvons \u00e9galement vous fournir un code promo \u00e0 utiliser avec vos affili\u00e9s.<\/li>\n<\/ul>\n\n<p><strong>\u00c9tape 1<\/strong>Partagez votre lien d&#039;affiliation personnalis\u00e9 avec la personne que vous souhaitez parrainer (vous ne pouvez pas vous parrainer vous-m\u00eame).<\/p>\n\n<p><strong>\u00c9tape 2<\/strong>Lorsqu&#039;ils effectuent un achat en utilisant votre lien, vous recevez automatiquement 10% des revenus.<\/p>\n\n<p><strong>\u00c9tape 3<\/strong>Les paiements sont effectu\u00e9s mensuellement via PayPal.<\/p>\n\n<p>C&#039;est aussi simple que \u00e7a !<\/p>\n\n<p><strong>Les r\u00e8gles :<\/strong><\/p>\n\n<ul class=\"wp-block-list\">\n<li>Soyez honn\u00eate\u00a0: tout abus, toute tentative de manipulation du syst\u00e8me ou toute autre man\u0153uvre frauduleuse entra\u00eenera la suspension de votre compte et l\u2019annulation de vos gains.<\/li>\n\n<li>Les auto-parrainages ne sont pas accept\u00e9s ; ce programme n&#039;est pas con\u00e7u pour obtenir une r\u00e9duction.<\/li>\n\n<li>Interdiction d&#039;utiliser notre marque, de squatter des noms de domaine ou d&#039;utiliser d&#039;autres tactiques douteuses.<\/li>\n\n<li><strong>Sites de coupons inexistants<\/strong>, Nous consid\u00e9rons les sites de coupons comme une forme de d\u00e9tournement de marque et ils n&#039;apportent aucune valeur ajout\u00e9e ni \u00e0 nous ni \u00e0 l&#039;\u00e9cosyst\u00e8me WordPress. Les commissions d&#039;affiliation g\u00e9n\u00e9r\u00e9es par le trafic de ces sites ne seront pas approuv\u00e9es.<\/li>\n\n<li>Nous nous r\u00e9servons le droit d&#039;annuler votre compte d&#039;affili\u00e9, vos paiements ou toute autre mesure \u00e0 notre enti\u00e8re discr\u00e9tion (c&#039;est-\u00e0-dire que nous \u00e9tablissons les r\u00e8gles et que nous pouvons les modifier pour quelque raison que ce soit).<\/li>\n<\/ul>\n\n<p>Pr\u00eat \u00e0 commencer ?\u00a0<a href=\"https:\/\/my.daretocloud.com\" target=\"_blank\" rel=\"noreferrer noopener\">Inscrivez-vous ici<\/a><\/p>\n\n<p>Des questions avant de nous rejoindre\u00a0? N&#039;h\u00e9sitez pas \u00e0 nous contacter. <a href=\"\/fr\/contact@daretocloud.be\/\">e-mail<\/a>!<\/p>\n\t\t\t\t\t\t\t\t<\/div>\n\t\t\t\t<\/div>\n\t\t\t\t<div class=\"elementor-element elementor-element-db54f1f elementor-widget elementor-widget-heading\" data-id=\"db54f1f\" data-element_type=\"widget\" data-e-type=\"widget\" data-settings=\"{&quot;ekit_we_effect_on&quot;:&quot;none&quot;}\" data-widget_type=\"heading.default\">\n\t\t\t\t<div class=\"elementor-widget-container\">\n\t\t\t\t\t<h2 class=\"elementor-heading-title elementor-size-default\">Id\u00e9al pour :<\/h2>\t\t\t\t<\/div>\n\t\t\t\t<\/div>\n\t\t\t\t<div class=\"elementor-element elementor-element-e7e047a elementor-widget elementor-widget-text-editor\" data-id=\"e7e047a\" data-element_type=\"widget\" data-e-type=\"widget\" data-settings=\"{&quot;ekit_we_effect_on&quot;:&quot;none&quot;}\" data-widget_type=\"text-editor.default\">\n\t\t\t\t<div class=\"elementor-widget-container\">\n\t\t\t\t\t\t\t\t\t<p>\ud83d\udd39 <b>YouTubeurs et blogueurs sp\u00e9cialis\u00e9s en technologie<\/b> \u2013 cr\u00e9er du contenu sur l&#039;importance de la maintenance des sites web et du r\u00e9f\u00e9rencement (SEO).<br \/>\ud83d\udd39 <b>Propri\u00e9taires de freelances et d&#039;agences<\/b> \u2013 proposer nos services en compl\u00e9ment.<br \/>\ud83d\udd39 <b>Communaut\u00e9s LinkedIn et Slack<\/b> \u2013 Publier dans les groupes de startups et de d\u00e9veloppeurs o\u00f9 les gens ont besoin d&#039;aide en mati\u00e8re de sites web et de r\u00e9f\u00e9rencement.<\/p>\t\t\t\t\t\t\t\t<\/div>\n\t\t\t\t<\/div>\n\t\t\t\t<div class=\"elementor-element elementor-element-b7a9a1e elementor-widget elementor-widget-heading\" data-id=\"b7a9a1e\" data-element_type=\"widget\" data-e-type=\"widget\" data-settings=\"{&quot;ekit_we_effect_on&quot;:&quot;none&quot;}\" data-widget_type=\"heading.default\">\n\t\t\t\t<div class=\"elementor-widget-container\">\n\t\t\t\t\t<h2 class=\"elementor-heading-title elementor-size-default\">Voici quelques supports et \u00e9l\u00e9ments pour vous aider \u00e0 d\u00e9marrer.<\/h2>\t\t\t\t<\/div>\n\t\t\t\t<\/div>\n\t\t\t\t<div class=\"elementor-element elementor-element-09bdf9a elementor-widget elementor-widget-text-editor\" data-id=\"09bdf9a\" data-element_type=\"widget\" data-e-type=\"widget\" data-settings=\"{&quot;ekit_we_effect_on&quot;:&quot;none&quot;}\" data-widget_type=\"text-editor.default\">\n\t\t\t\t<div class=\"elementor-widget-container\">\n\t\t\t\t\t\t\t\t\t<p>Nous ne faisons que commencer. Bient\u00f4t, vous aurez acc\u00e8s ici \u00e0\u00a0:<\/p>\n<p>\u2705 <b>Publications et courriels pr\u00e9-r\u00e9dig\u00e9s pour les r\u00e9seaux sociaux<\/b> \u2013 Partage rapide et facile.<br \/>\u2705 <b>Banni\u00e8res et visuels personnalis\u00e9s<\/b> \u2013 Pour vos sites web ou votre profil LinkedIn.<br \/>\u2705 <b>D\u00e9monstrations et \u00e9tudes de cas<\/b> \u2013 Pr\u00e9sentation de r\u00e9sultats concrets en mati\u00e8re de gestion de sites web et de r\u00e9f\u00e9rencement.<\/p>\t\t\t\t\t\t\t\t<\/div>\n\t\t\t\t<\/div>\n\t\t\t\t<div class=\"elementor-element elementor-element-35d1cdc elementor-widget elementor-widget-image-gallery\" data-id=\"35d1cdc\" data-element_type=\"widget\" data-e-type=\"widget\" data-settings=\"{&quot;ekit_we_effect_on&quot;:&quot;none&quot;}\" data-widget_type=\"image-gallery.default\">\n\t\t\t\t<div class=\"elementor-widget-container\">\n\t\t\t\t\t\t\t<div class=\"elementor-image-gallery\">\n\t\t\t<div id='gallery-1' class='gallery galleryid-4581 gallery-columns-5 gallery-size-medium_large'><figure class='gallery-item'>\n\t\t\t<div class='gallery-icon portrait'>\n\t\t\t\t<a data-elementor-open-lightbox=\"yes\" data-elementor-lightbox-slideshow=\"35d1cdc\" data-elementor-lightbox-title=\"ad example\" data-elementor-lightbox-description=\"block edee\" data-e-action-hash=\"#elementor-action%3Aaction%3Dlightbox%26settings%3DeyJpZCI6MjkxOTEsInVybCI6Imh0dHBzOlwvXC9kYXJldG9jbG91ZC5jb21cL3dwLWNvbnRlbnRcL3VwbG9hZHNcLzIwMjZcLzAyXC9ibG9ja182N2U0NDYwZDdlZTk2MS0yNDg2MDg0OC5wbmciLCJzbGlkZXNob3ciOiIzNWQxY2RjIn0%3D\" title=\"Exemple de publicit\u00e9\"  href='https:\/\/daretocloud.com\/wp-content\/uploads\/2026\/02\/block_67e4460d7ee961-24860848.png'><img fetchpriority=\"high\" decoding=\"async\" width=\"720\" height=\"1560\" src=\"https:\/\/daretocloud.com\/wp-content\/uploads\/2026\/02\/block_67e4460d7ee961-24860848.png\" class=\"attachment-medium_large size-medium_large\" alt=\"Exemple de publicit\u00e9\" aria-describedby=\"gallery-1-29191\" srcset=\"https:\/\/daretocloud.com\/wp-content\/uploads\/2026\/02\/block_67e4460d7ee961-24860848.png 720w, https:\/\/daretocloud.com\/wp-content\/uploads\/2026\/02\/block_67e4460d7ee961-24860848-138x300.png 138w, https:\/\/daretocloud.com\/wp-content\/uploads\/2026\/02\/block_67e4460d7ee961-24860848-473x1024.png 473w, https:\/\/daretocloud.com\/wp-content\/uploads\/2026\/02\/block_67e4460d7ee961-24860848-709x1536.png 709w, https:\/\/daretocloud.com\/wp-content\/uploads\/2026\/02\/block_67e4460d7ee961-24860848-6x12.png 6w, https:\/\/daretocloud.com\/wp-content\/uploads\/2026\/02\/block_67e4460d7ee961-24860848-710x1538.png 710w\" sizes=\"(max-width: 720px) 100vw, 720px\" \/><\/a>\n\t\t\t<\/div>\n\t\t\t\t<figcaption class='wp-caption-text gallery-caption' id='gallery-1-29191'>\n\t\t\t\tExemple de publicit\u00e9\n\t\t\t\t<\/figcaption><\/figure>\n\t\t<\/div>\n\t\t<\/div>\n\t\t\t\t\t\t<\/div>\n\t\t\t\t<\/div>\n\t\t\t\t\t<\/div>\n\t\t\t\t<\/div>\n\t\t\t\t<\/div>","protected":false},"excerpt":{"rendered":"<p>Refer our maintenance SEO hosting services and earn a commission Send traffic to DareToCloud and earn 10% commission on every purchase. Our affiliate program is free to join and has uncapped earning. 10% commission on all first purchases 60 days cookie life Read our details: Step 1: Share your custom affiliate link with the person [&hellip;]<\/p>\n","protected":false},"author":1,"featured_media":29183,"parent":0,"menu_order":0,"comment_status":"closed","ping_status":"closed","template":"redux-templates_contained","meta":{"_coblocks_attr":"","_coblocks_dimensions":"","_coblocks_responsive_height":"","_coblocks_accordion_ie_support":"","content-type":"","footnotes":""},"class_list":["post-4581","page","type-page","status-publish","has-post-thumbnail","hentry"],"yoast_head":"<!-- This site is optimized with the Yoast SEO plugin v27.4 - https:\/\/yoast.com\/product\/yoast-seo-wordpress\/ -->\n<title>DareToCloud Affiliate Program<\/title>\n<meta name=\"description\" content=\"Explore our DareToCloud Affiliate Program page at DareToCloud, your web agency in Brussels, and embark on a journey to transform your digital vision into reality.\" \/>\n<meta name=\"robots\" content=\"index, follow, max-snippet:-1, max-image-preview:large, max-video-preview:-1\" \/>\n<link rel=\"canonical\" href=\"https:\/\/daretocloud.com\/fr\/programme-daffiliation-daretocloud\/\" \/>\n<meta property=\"og:locale\" content=\"fr_FR\" \/>\n<meta property=\"og:type\" content=\"article\" \/>\n<meta property=\"og:title\" content=\"DareToCloud Affiliate Program\" \/>\n<meta property=\"og:description\" content=\"Explore our DareToCloud Affiliate Program page at DareToCloud, your web agency in Brussels, and embark on a journey to transform your digital vision into reality.\" \/>\n<meta property=\"og:url\" content=\"https:\/\/daretocloud.com\/fr\/programme-daffiliation-daretocloud\/\" \/>\n<meta property=\"og:site_name\" content=\"DareToCloud\" \/>\n<meta property=\"article:publisher\" content=\"https:\/\/www.facebook.com\/daretocloud\" \/>\n<meta property=\"article:modified_time\" content=\"2026-02-15T17:17:06+00:00\" \/>\n<meta property=\"og:image\" content=\"https:\/\/daretocloud.com\/wp-content\/uploads\/2026\/02\/service-provider-pro-affiliates-panel-new.png-e1771174777775.webp\" \/>\n\t<meta property=\"og:image:width\" content=\"963\" \/>\n\t<meta property=\"og:image:height\" content=\"834\" \/>\n\t<meta property=\"og:image:type\" content=\"image\/webp\" \/>\n<meta name=\"twitter:card\" content=\"summary_large_image\" \/>\n<meta name=\"twitter:label1\" content=\"Dur\u00e9e de lecture estim\u00e9e\" \/>\n\t<meta name=\"twitter:data1\" content=\"4 minutes\" \/>\n<script type=\"application\/ld+json\" class=\"yoast-schema-graph\">{\"@context\":\"https:\\\/\\\/schema.org\",\"@graph\":[{\"@type\":\"WebPage\",\"@id\":\"https:\\\/\\\/daretocloud.com\\\/daretocloud-affiliate-program\\\/\",\"url\":\"https:\\\/\\\/daretocloud.com\\\/daretocloud-affiliate-program\\\/\",\"name\":\"DareToCloud Affiliate Program\",\"isPartOf\":{\"@id\":\"https:\\\/\\\/daretocloud.com\\\/#website\"},\"primaryImageOfPage\":{\"@id\":\"https:\\\/\\\/daretocloud.com\\\/daretocloud-affiliate-program\\\/#primaryimage\"},\"image\":{\"@id\":\"https:\\\/\\\/daretocloud.com\\\/daretocloud-affiliate-program\\\/#primaryimage\"},\"thumbnailUrl\":\"https:\\\/\\\/daretocloud.com\\\/wp-content\\\/uploads\\\/2026\\\/02\\\/service-provider-pro-affiliates-panel-new.png-e1771174777775.webp\",\"datePublished\":\"2026-02-15T17:02:22+00:00\",\"dateModified\":\"2026-02-15T17:17:06+00:00\",\"description\":\"Explore our DareToCloud Affiliate Program page at DareToCloud, your web agency in Brussels, and embark on a journey to transform your digital vision into reality.\",\"breadcrumb\":{\"@id\":\"https:\\\/\\\/daretocloud.com\\\/daretocloud-affiliate-program\\\/#breadcrumb\"},\"inLanguage\":\"fr-FR\",\"potentialAction\":[{\"@type\":\"ReadAction\",\"target\":[\"https:\\\/\\\/daretocloud.com\\\/daretocloud-affiliate-program\\\/\"]}]},{\"@type\":\"ImageObject\",\"inLanguage\":\"fr-FR\",\"@id\":\"https:\\\/\\\/daretocloud.com\\\/daretocloud-affiliate-program\\\/#primaryimage\",\"url\":\"https:\\\/\\\/daretocloud.com\\\/wp-content\\\/uploads\\\/2026\\\/02\\\/service-provider-pro-affiliates-panel-new.png-e1771174777775.webp\",\"contentUrl\":\"https:\\\/\\\/daretocloud.com\\\/wp-content\\\/uploads\\\/2026\\\/02\\\/service-provider-pro-affiliates-panel-new.png-e1771174777775.webp\",\"width\":963,\"height\":834,\"caption\":\"DareToCloud affiliates panel\"},{\"@type\":\"BreadcrumbList\",\"@id\":\"https:\\\/\\\/daretocloud.com\\\/daretocloud-affiliate-program\\\/#breadcrumb\",\"itemListElement\":[{\"@type\":\"ListItem\",\"position\":1,\"name\":\"Home\",\"item\":\"https:\\\/\\\/daretocloud.com\\\/\"},{\"@type\":\"ListItem\",\"position\":2,\"name\":\"DareToCloud Affiliate Program\"}]},{\"@type\":\"WebSite\",\"@id\":\"https:\\\/\\\/daretocloud.com\\\/#website\",\"url\":\"https:\\\/\\\/daretocloud.com\\\/\",\"name\":\"DareToCloud\",\"description\":\"Website maintenance and SEO subscriptions\",\"publisher\":{\"@id\":\"https:\\\/\\\/daretocloud.com\\\/#organization\"},\"potentialAction\":[{\"@type\":\"SearchAction\",\"target\":{\"@type\":\"EntryPoint\",\"urlTemplate\":\"https:\\\/\\\/daretocloud.com\\\/?s={search_term_string}\"},\"query-input\":{\"@type\":\"PropertyValueSpecification\",\"valueRequired\":true,\"valueName\":\"search_term_string\"}}],\"inLanguage\":\"fr-FR\"},{\"@type\":\"Organization\",\"@id\":\"https:\\\/\\\/daretocloud.com\\\/#organization\",\"name\":\"DareToCloud\",\"url\":\"https:\\\/\\\/daretocloud.com\\\/\",\"logo\":{\"@type\":\"ImageObject\",\"inLanguage\":\"fr-FR\",\"@id\":\"https:\\\/\\\/daretocloud.com\\\/#\\\/schema\\\/logo\\\/image\\\/\",\"url\":\"https:\\\/\\\/daretocloud.com\\\/wp-content\\\/uploads\\\/2023\\\/04\\\/Logo-avril-2023.png\",\"contentUrl\":\"https:\\\/\\\/daretocloud.com\\\/wp-content\\\/uploads\\\/2023\\\/04\\\/Logo-avril-2023.png\",\"width\":960,\"height\":333,\"caption\":\"DareToCloud\"},\"image\":{\"@id\":\"https:\\\/\\\/daretocloud.com\\\/#\\\/schema\\\/logo\\\/image\\\/\"},\"sameAs\":[\"https:\\\/\\\/www.facebook.com\\\/daretocloud\",\"https:\\\/\\\/www.instagram.com\\\/dare_to_cloud\\\/\"]}]}<\/script>\n<!-- \/ Yoast SEO plugin. -->","yoast_head_json":{"title":"Programme d&#039;affiliation DareToCloud","description":"Explorez notre page d\u00e9di\u00e9e au programme d&#039;affiliation DareToCloud sur le site de DareToCloud, votre agence web \u00e0 Bruxelles, et embarquez pour un voyage qui transformera votre vision num\u00e9rique en r\u00e9alit\u00e9.","robots":{"index":"index","follow":"follow","max-snippet":"max-snippet:-1","max-image-preview":"max-image-preview:large","max-video-preview":"max-video-preview:-1"},"canonical":"https:\/\/daretocloud.com\/fr\/programme-daffiliation-daretocloud\/","og_locale":"fr_FR","og_type":"article","og_title":"DareToCloud Affiliate Program","og_description":"Explore our DareToCloud Affiliate Program page at DareToCloud, your web agency in Brussels, and embark on a journey to transform your digital vision into reality.","og_url":"https:\/\/daretocloud.com\/fr\/programme-daffiliation-daretocloud\/","og_site_name":"DareToCloud","article_publisher":"https:\/\/www.facebook.com\/daretocloud","article_modified_time":"2026-02-15T17:17:06+00:00","og_image":[{"width":963,"height":834,"url":"https:\/\/daretocloud.com\/wp-content\/uploads\/2026\/02\/service-provider-pro-affiliates-panel-new.png-e1771174777775.webp","type":"image\/webp"}],"twitter_card":"summary_large_image","twitter_misc":{"Dur\u00e9e de lecture estim\u00e9e":"4 minutes"},"schema":{"@context":"https:\/\/schema.org","@graph":[{"@type":"WebPage","@id":"https:\/\/daretocloud.com\/daretocloud-affiliate-program\/","url":"https:\/\/daretocloud.com\/daretocloud-affiliate-program\/","name":"Programme d&#039;affiliation DareToCloud","isPartOf":{"@id":"https:\/\/daretocloud.com\/#website"},"primaryImageOfPage":{"@id":"https:\/\/daretocloud.com\/daretocloud-affiliate-program\/#primaryimage"},"image":{"@id":"https:\/\/daretocloud.com\/daretocloud-affiliate-program\/#primaryimage"},"thumbnailUrl":"https:\/\/daretocloud.com\/wp-content\/uploads\/2026\/02\/service-provider-pro-affiliates-panel-new.png-e1771174777775.webp","datePublished":"2026-02-15T17:02:22+00:00","dateModified":"2026-02-15T17:17:06+00:00","description":"Explorez notre page d\u00e9di\u00e9e au programme d&#039;affiliation DareToCloud sur le site de DareToCloud, votre agence web \u00e0 Bruxelles, et embarquez pour un voyage qui transformera votre vision num\u00e9rique en r\u00e9alit\u00e9.","breadcrumb":{"@id":"https:\/\/daretocloud.com\/daretocloud-affiliate-program\/#breadcrumb"},"inLanguage":"fr-FR","potentialAction":[{"@type":"ReadAction","target":["https:\/\/daretocloud.com\/daretocloud-affiliate-program\/"]}]},{"@type":"ImageObject","inLanguage":"fr-FR","@id":"https:\/\/daretocloud.com\/daretocloud-affiliate-program\/#primaryimage","url":"https:\/\/daretocloud.com\/wp-content\/uploads\/2026\/02\/service-provider-pro-affiliates-panel-new.png-e1771174777775.webp","contentUrl":"https:\/\/daretocloud.com\/wp-content\/uploads\/2026\/02\/service-provider-pro-affiliates-panel-new.png-e1771174777775.webp","width":963,"height":834,"caption":"DareToCloud affiliates panel"},{"@type":"BreadcrumbList","@id":"https:\/\/daretocloud.com\/daretocloud-affiliate-program\/#breadcrumb","itemListElement":[{"@type":"ListItem","position":1,"name":"Home","item":"https:\/\/daretocloud.com\/"},{"@type":"ListItem","position":2,"name":"DareToCloud Affiliate Program"}]},{"@type":"WebSite","@id":"https:\/\/daretocloud.com\/#website","url":"https:\/\/daretocloud.com\/","name":"DareToCloud","description":"Abonnements de maintenance de site web et de r\u00e9f\u00e9rencement (SEO)","publisher":{"@id":"https:\/\/daretocloud.com\/#organization"},"potentialAction":[{"@type":"SearchAction","target":{"@type":"EntryPoint","urlTemplate":"https:\/\/daretocloud.com\/?s={search_term_string}"},"query-input":{"@type":"PropertyValueSpecification","valueRequired":true,"valueName":"search_term_string"}}],"inLanguage":"fr-FR"},{"@type":"Organization","@id":"https:\/\/daretocloud.com\/#organization","name":"DareToCloud","url":"https:\/\/daretocloud.com\/","logo":{"@type":"ImageObject","inLanguage":"fr-FR","@id":"https:\/\/daretocloud.com\/#\/schema\/logo\/image\/","url":"https:\/\/daretocloud.com\/wp-content\/uploads\/2023\/04\/Logo-avril-2023.png","contentUrl":"https:\/\/daretocloud.com\/wp-content\/uploads\/2023\/04\/Logo-avril-2023.png","width":960,"height":333,"caption":"DareToCloud"},"image":{"@id":"https:\/\/daretocloud.com\/#\/schema\/logo\/image\/"},"sameAs":["https:\/\/www.facebook.com\/daretocloud","https:\/\/www.instagram.com\/dare_to_cloud\/"]}]}},"_hostinger_reach_plugin_has_subscription_block":false,"_hostinger_reach_plugin_is_elementor":false,"_links":{"self":[{"href":"https:\/\/daretocloud.com\/fr\/wp-json\/wp\/v2\/pages\/4581","targetHints":{"allow":["GET"]}}],"collection":[{"href":"https:\/\/daretocloud.com\/fr\/wp-json\/wp\/v2\/pages"}],"about":[{"href":"https:\/\/daretocloud.com\/fr\/wp-json\/wp\/v2\/types\/page"}],"author":[{"embeddable":true,"href":"https:\/\/daretocloud.com\/fr\/wp-json\/wp\/v2\/users\/1"}],"replies":[{"embeddable":true,"href":"https:\/\/daretocloud.com\/fr\/wp-json\/wp\/v2\/comments?post=4581"}],"version-history":[{"count":8,"href":"https:\/\/daretocloud.com\/fr\/wp-json\/wp\/v2\/pages\/4581\/revisions"}],"predecessor-version":[{"id":29197,"href":"https:\/\/daretocloud.com\/fr\/wp-json\/wp\/v2\/pages\/4581\/revisions\/29197"}],"wp:featuredmedia":[{"embeddable":true,"href":"https:\/\/daretocloud.com\/fr\/wp-json\/wp\/v2\/media\/29183"}],"wp:attachment":[{"href":"https:\/\/daretocloud.com\/fr\/wp-json\/wp\/v2\/media?parent=4581"}],"curies":[{"name":"wp","href":"https:\/\/api.w.org\/{rel}","templated":true}]}}